{"id":1488,"date":"2022-03-04T03:42:59","date_gmt":"2022-03-04T03:42:59","guid":{"rendered":"http:\/\/svkvmkc.cluster031.hosting.ovh.net\/index.php\/home\/"},"modified":"2023-05-02T22:40:34","modified_gmt":"2023-05-02T20:40:34","slug":"home","status":"publish","type":"page","link":"https:\/\/scenedejeu.com\/","title":{"rendered":"Home"},"content":{"rendered":"\n<div class=\"wp-block-uagb-container uagb-block-fc50b3b3 alignfull uagb-is-root-container\"><div class=\"uagb-container-inner-blocks-wrap\">\n<div class=\"wp-block-uagb-container uagb-block-a2dac876\">\n<div class=\"wp-block-uagb-info-box uagb-block-ab5e44a8 uagb-infobox__content-wrap  uagb-infobox-icon-above-title uagb-infobox-image-valign-top\"><div class=\"uagb-ifb-content\"><div class=\"uagb-ifb-title-wrap\"><span class=\"uagb-ifb-title-prefix\">Evenementiel et teambuilding<\/span><h1 class=\"uagb-ifb-title\">Le jeu commence ici&#8230;<\/h1><\/div><p class=\"uagb-ifb-desc\">Un \u00e9v\u00e9nement d&rsquo;entreprise ? Un teambuilding \u00e0 organiser ? Un lancement de produit ? Un enterrement de vie de jeune fille ou un anniversaire ? Sc\u00e8ne de jeu vous accompagne gr\u00e2ce \u00e0 ses activit\u00e9s toutes pr\u00eates ou sur-mesure ! <br><br>Gr\u00e2ce \u00e0 des auteurs et com\u00e9diens professionnels, vivez une exp\u00e9rience unique \u00e0 travers nos jeux de piste et d&rsquo;enqu\u00eate, nos spectacles immersifs ou nos ateliers th\u00e9\u00e2tre \/ impro. <\/p><div class=\"uagb-ifb-button-wrapper wp-block-button\"><a href=\"index.php\/contact\" class=\"uagb-infobox-cta-link wp-block-button__link\" target=\"_self\" rel=\"noopener noreferrer\" onclick=\"return true;\" alt=\"\"><span class=\"uagb-inline-editing\">Que la partie commence !<\/span><\/a><\/div><\/div><\/div>\n<\/div>\n\n\n\n<div class=\"wp-block-uagb-container uagb-block-71f9301d\">\n<p class=\"has-ast-global-color-5-color has-text-color\">\u00ab\u00a0<strong>Le monde entier est un th\u00e9\u00e2tre, Et tous, hommes et femmes, n&rsquo;en sont que les acteurs.<\/strong>&nbsp;<strong>Et notre vie durant nous jouons plusieurs r\u00f4les<\/strong>.\u00a0\u00bb William Shakespeare<\/p>\n<\/div>\n<\/div><\/div>\n\n\n\n<div class=\"wp-block-uagb-container uagb-block-de793d74 alignfull uagb-is-root-container\"><div class=\"uagb-container-inner-blocks-wrap\">\n<div class=\"wp-block-uagb-advanced-heading uagb-block-a3e8db89\"><h2 class=\"uagb-heading-text\">Pourquoi faire appel \u00e0 Sc\u00e8ne de jeu ?\u200b<\/h2><p class=\"uagb-desc-text\">C&rsquo;est une agence cr\u00e9\u00e9e par des professionnels du spectacle et qui r\u00e9unit les corps de m\u00e9tiers cr\u00e9atifs et d&rsquo;organisation du secteur. Avec nous, vous aurez toujours ce petit truc en plus , cette touche artistique qui donnera une saveur diff\u00e9rente \u00e0 votre exp\u00e9rience !<br> Qui de mieux qu&rsquo;un producteur de spectacles pour rendre vos \u00e9v\u00e9nements spectaculaires ?\u200b<\/p><\/div>\n\n\n\n<div style=\"height:100px\" aria-hidden=\"true\" class=\"wp-block-spacer\"><\/div>\n\n\n\n<div id=\"wp-block-themeisle-blocks-slider-0d538a6b\" class=\"wp-block-themeisle-blocks-slider glide\" data-per-view=\"1\" data-gap=\"0\" data-peek=\"0\" data-autoplay=\"true\" data-height=\"400px\" data-hide-arrows=\"false\"><div class=\"glide__track\" data-glide-el=\"track\"><div class=\"glide__slides\"><div class=\"wp-block-themeisle-blocks-slider-item-wrapper glide__slide\" tabindex=\"0\"><figure><img decoding=\"async\" class=\"wp-block-themeisle-blocks-slider-item\" src=\"https:\/\/scenedejeu.com\/wp-content\/uploads\/2023\/02\/ng.jpeg\" alt=\"\" title=\"\" data-id=\"2514\"\/><\/figure><\/div><div class=\"wp-block-themeisle-blocks-slider-item-wrapper glide__slide\" tabindex=\"0\"><figure><img decoding=\"async\" class=\"wp-block-themeisle-blocks-slider-item\" src=\"https:\/\/scenedejeu.com\/wp-content\/uploads\/2023\/02\/sam-moghadam-khamseh-Y8jR4xno22g-unsplash-scaled.jpg\" alt=\"\" title=\"\" data-id=\"2528\"\/><\/figure><\/div><div class=\"wp-block-themeisle-blocks-slider-item-wrapper glide__slide\" tabindex=\"0\"><figure><img decoding=\"async\" class=\"wp-block-themeisle-blocks-slider-item\" src=\"https:\/\/scenedejeu.com\/wp-content\/uploads\/2023\/02\/kyle-head-p6rNTdAPbuk-unsplash-scaled.jpg\" alt=\"\" title=\"\" data-id=\"2529\"\/><\/figure><\/div><div class=\"wp-block-themeisle-blocks-slider-item-wrapper glide__slide\" tabindex=\"0\"><figure><img decoding=\"async\" class=\"wp-block-themeisle-blocks-slider-item\" src=\"https:\/\/scenedejeu.com\/wp-content\/uploads\/2023\/02\/logan-weaver-lgnwvr-CS9ptdGhE0M-unsplash-scaled.jpg\" alt=\"\" title=\"\" data-id=\"2546\"\/><\/figure><\/div><\/div><div class=\"glide__bullets\" data-glide-el=\"controls[nav]\"><button class=\"glide__bullet\" data-glide-dir=\"=0\"><\/button><button class=\"glide__bullet\" data-glide-dir=\"=1\"><\/button><button class=\"glide__bullet\" data-glide-dir=\"=2\"><\/button><button class=\"glide__bullet\" data-glide-dir=\"=3\"><\/button><\/div><\/div><\/div>\n<\/div><\/div>\n\n\n\n<div style=\"height:100px\" aria-hidden=\"true\" class=\"wp-block-spacer\"><\/div>\n\n\n\n<h2 class=\"wp-block-heading has-text-align-center\">Ils nous ont fait confiance<\/h2>\n\n\n\n<div style=\"height:40px\" aria-hidden=\"true\" class=\"wp-block-spacer\"><\/div>\n\n\n\n<div class=\"wp-block-uagb-container uagb-block-e1935919 alignfull uagb-is-root-container\"><div class=\"uagb-container-inner-blocks-wrap\">\n<div class=\"wp-block-uagb-container uagb-block-cbeb5b8a\">\n<div class=\"wp-block-uagb-image uagb-block-b4595172 wp-block-uagb-image--layout-default wp-block-uagb-image--effect-static wp-block-uagb-image--align-none\"><figure class=\"wp-block-uagb-image__figure\"><img decoding=\"async\" srcset=\"https:\/\/scenedejeu.com\/wp-content\/uploads\/2023\/05\/1200px-HP_logo_2012.svg-1024x1024.png \" sizes=\"auto, (max-width: 480px) 150px\" src=\"https:\/\/scenedejeu.com\/wp-content\/uploads\/2023\/05\/1200px-HP_logo_2012.svg-1024x1024.png\" alt=\"\" class=\"uag-image-3065\" width=\"117\" height=\"117\" title=\"\" loading=\"lazy\"\/><\/figure><\/div>\n<\/div>\n\n\n\n<div class=\"wp-block-uagb-container uagb-block-660ae94e\">\n<div class=\"wp-block-uagb-image uagb-block-ba736b39 wp-block-uagb-image--layout-default wp-block-uagb-image--effect-static wp-block-uagb-image--align-none\"><figure class=\"wp-block-uagb-image__figure\"><img decoding=\"async\" srcset=\"https:\/\/scenedejeu.com\/wp-content\/uploads\/2023\/05\/la-ligue-des-jeunes-talents.png \" sizes=\"auto, (max-width: 480px) 150px\" src=\"https:\/\/scenedejeu.com\/wp-content\/uploads\/2023\/05\/la-ligue-des-jeunes-talents.png\" alt=\"\" class=\"uag-image-3068\" width=\"152\" height=\"69\" title=\"\" loading=\"lazy\"\/><\/figure><\/div>\n<\/div>\n\n\n\n<div class=\"wp-block-uagb-container uagb-block-8700200f\">\n<div class=\"wp-block-uagb-image uagb-block-b8494669 wp-block-uagb-image--layout-default wp-block-uagb-image--effect-static wp-block-uagb-image--align-none\"><figure class=\"wp-block-uagb-image__figure\"><img decoding=\"async\" srcset=\"https:\/\/scenedejeu.com\/wp-content\/uploads\/2023\/05\/Logo_Rotary.svg \" sizes=\"auto, (max-width: 480px) 150px\" src=\"https:\/\/scenedejeu.com\/wp-content\/uploads\/2023\/05\/Logo_Rotary.svg\" alt=\"\" class=\"uag-image-3070\" width=\"309\" height=\"116\" title=\"\" loading=\"lazy\"\/><\/figure><\/div>\n<\/div>\n\n\n\n<div class=\"wp-block-uagb-container uagb-block-ae1b72f8\">\n<div class=\"wp-block-uagb-image uagb-block-3c29b179 wp-block-uagb-image--layout-default wp-block-uagb-image--effect-static wp-block-uagb-image--align-none\"><figure class=\"wp-block-uagb-image__figure\"><img decoding=\"async\" srcset=\"https:\/\/scenedejeu.com\/wp-content\/uploads\/2023\/05\/Logo_cfe-cgc.png \" sizes=\"auto, (max-width: 480px) 150px\" src=\"https:\/\/scenedejeu.com\/wp-content\/uploads\/2023\/05\/Logo_cfe-cgc.png\" alt=\"\" class=\"uag-image-3069\" width=\"128\" height=\"137\" title=\"\" loading=\"lazy\"\/><\/figure><\/div>\n<\/div>\n\n\n\n<div class=\"wp-block-uagb-container uagb-block-7cd9e992\">\n<div class=\"wp-block-uagb-image uagb-block-5ce4097d wp-block-uagb-image--layout-default wp-block-uagb-image--effect-static wp-block-uagb-image--align-none\"><figure class=\"wp-block-uagb-image__figure\"><img decoding=\"async\" srcset=\"https:\/\/scenedejeu.com\/wp-content\/uploads\/2023\/05\/la-banque-postale_logo-1024x891.png \" sizes=\"auto, (max-width: 480px) 150px\" src=\"https:\/\/scenedejeu.com\/wp-content\/uploads\/2023\/05\/la-banque-postale_logo-1024x891.png\" alt=\"\" class=\"uag-image-3067\" width=\"212\" height=\"184\" title=\"\" loading=\"lazy\"\/><\/figure><\/div>\n<\/div>\n\n\n\n<div class=\"wp-block-uagb-container uagb-block-e54d7cdf\">\n<div class=\"wp-block-uagb-image uagb-block-3c51cd18 wp-block-uagb-image--layout-default wp-block-uagb-image--effect-static wp-block-uagb-image--align-none\"><figure class=\"wp-block-uagb-image__figure\"><img decoding=\"async\" srcset=\"https:\/\/scenedejeu.com\/wp-content\/uploads\/2023\/05\/Arcadis-logo.svg-1024x160.png \" sizes=\"auto, (max-width: 480px) 150px\" src=\"https:\/\/scenedejeu.com\/wp-content\/uploads\/2023\/05\/Arcadis-logo.svg-1024x160.png\" alt=\"\" class=\"uag-image-3066\" width=\"316\" height=\"49\" title=\"\" loading=\"lazy\"\/><\/figure><\/div>\n<\/div>\n<\/div><\/div>\n\n\n\n<div class=\"wp-block-uagb-container uagb-block-9785ceec alignfull uagb-is-root-container\"><div class=\"uagb-container-inner-blocks-wrap\">\n<div class=\"wp-block-uagb-container uagb-block-8b9b4dd3\">\n<div class=\"wp-block-uagb-image uagb-block-e74ff1e6 wp-block-uagb-image--layout-default wp-block-uagb-image--effect-static wp-block-uagb-image--align-none\"><figure class=\"wp-block-uagb-image__figure\"><img decoding=\"async\" srcset=\"https:\/\/scenedejeu.com\/wp-content\/uploads\/2023\/05\/ohlesfilles.png \" sizes=\"auto, (max-width: 480px) 150px\" src=\"https:\/\/scenedejeu.com\/wp-content\/uploads\/2023\/05\/ohlesfilles.png\" alt=\"\" class=\"uag-image-3084\" width=\"179\" height=\"179\" title=\"\" loading=\"lazy\"\/><\/figure><\/div>\n<\/div>\n\n\n\n<div class=\"wp-block-uagb-container uagb-block-b4c2ed86\">\n<div class=\"wp-block-uagb-image uagb-block-079fd71c wp-block-uagb-image--layout-default wp-block-uagb-image--effect-static wp-block-uagb-image--align-none\"><figure class=\"wp-block-uagb-image__figure\"><img decoding=\"async\" srcset=\"https:\/\/scenedejeu.com\/wp-content\/uploads\/2023\/05\/oeuf-dans-leau-1.png \" sizes=\"auto, (max-width: 480px) 150px\" src=\"https:\/\/scenedejeu.com\/wp-content\/uploads\/2023\/05\/oeuf-dans-leau-1.png\" alt=\"\" class=\"uag-image-3083\" width=\"150\" height=\"176\" title=\"\" loading=\"lazy\"\/><\/figure><\/div>\n<\/div>\n\n\n\n<div class=\"wp-block-uagb-container uagb-block-adeae81c\"><\/div>\n\n\n\n<div class=\"wp-block-uagb-container uagb-block-62862da7\"><\/div>\n\n\n\n<div class=\"wp-block-uagb-container uagb-block-962d7251\"><\/div>\n\n\n\n<div class=\"wp-block-uagb-container uagb-block-8846775f\"><\/div>\n<\/div><\/div>\n","protected":false},"excerpt":{"rendered":"<p>Ils nous ont fait confiance<\/p>\n","protected":false},"author":1,"featured_media":0,"parent":0,"menu_order":0,"comment_status":"closed","ping_status":"closed","template":"","meta":{"_uag_custom_page_level_css":"","site-sidebar-layout":"no-sidebar","site-content-layout":"page-builder","ast-global-header-display":"","ast-main-header-display":"","ast-hfb-above-header-display":"","ast-hfb-below-header-display":"","ast-hfb-mobile-header-display":"","site-post-title":"disabled","ast-breadcrumbs-content":"","ast-featured-img":"disabled","footer-sml-layout":"","theme-transparent-header-meta":"enabled","adv-header-id-meta":"","stick-header-meta":"","header-above-stick-meta":"","header-main-stick-meta":"","header-below-stick-meta":"","_themeisle_gutenberg_block_has_review":false,"footnotes":""},"class_list":["post-1488","page","type-page","status-publish","hentry"],"uagb_featured_image_src":{"full":false,"thumbnail":false,"medium":false,"medium_large":false,"large":false,"1536x1536":false,"2048x2048":false},"uagb_author_info":{"display_name":"admin8994","author_link":"https:\/\/scenedejeu.com\/index.php\/author\/admin8994\/"},"uagb_comment_info":0,"uagb_excerpt":"Ils nous ont fait confiance","_links":{"self":[{"href":"https:\/\/scenedejeu.com\/index.php\/wp-json\/wp\/v2\/pages\/1488","targetHints":{"allow":["GET"]}}],"collection":[{"href":"https:\/\/scenedejeu.com\/index.php\/wp-json\/wp\/v2\/pages"}],"about":[{"href":"https:\/\/scenedejeu.com\/index.php\/wp-json\/wp\/v2\/types\/page"}],"author":[{"embeddable":true,"href":"https:\/\/scenedejeu.com\/index.php\/wp-json\/wp\/v2\/users\/1"}],"replies":[{"embeddable":true,"href":"https:\/\/scenedejeu.com\/index.php\/wp-json\/wp\/v2\/comments?post=1488"}],"version-history":[{"count":29,"href":"https:\/\/scenedejeu.com\/index.php\/wp-json\/wp\/v2\/pages\/1488\/revisions"}],"predecessor-version":[{"id":3086,"href":"https:\/\/scenedejeu.com\/index.php\/wp-json\/wp\/v2\/pages\/1488\/revisions\/3086"}],"wp:attachment":[{"href":"https:\/\/scenedejeu.com\/index.php\/wp-json\/wp\/v2\/media?parent=1488"}],"curies":[{"name":"wp","href":"https:\/\/api.w.org\/{rel}","templated":true}]}}