{"id":1494,"date":"2022-03-04T03:44:55","date_gmt":"2022-03-04T03:44:55","guid":{"rendered":"http:\/\/svkvmkc.cluster031.hosting.ovh.net\/index.php\/contact\/"},"modified":"2023-03-07T11:14:18","modified_gmt":"2023-03-07T10:14:18","slug":"contact","status":"publish","type":"page","link":"https:\/\/scenedejeu.com\/index.php\/contact\/","title":{"rendered":"Contact"},"content":{"rendered":"\n<div style=\"height:100px\" aria-hidden=\"true\" class=\"wp-block-spacer\"><\/div>\n\n\n\n<div class=\"wp-block-uagb-container uagb-block-7a9bbda2 alignfull uagb-is-root-container\"><div class=\"uagb-container-inner-blocks-wrap\">\n<h2 class=\"has-text-align-center wp-block-heading\">Contactez sc\u00e8ne de jeu<\/h2>\n\n\n\n<h5 class=\"has-text-align-center wp-block-heading\">Bookez une de nos activit\u00e9s !<\/h5>\n\n\n\n<div class=\"wp-block-uagb-buttons uagb-buttons__outer-wrap uagb-btn__default-btn uagb-btn-tablet__default-btn uagb-btn-mobile__default-btn uagb-block-6ce16fa7\"><div class=\"uagb-buttons__wrap uagb-buttons-layout-wrap\">\n<div class=\"wp-block-uagb-buttons-child uagb-buttons__outer-wrap uagb-block-a88f5d35 wp-block-button is-style-outline\"><div class=\"uagb-button__wrapper\"><a class=\"uagb-buttons-repeater wp-block-button__link\" href=\"#devis\" onclick=\"return true;\" rel=\"follow noopener\" target=\"_self\"><div class=\"uagb-button__link\">Demander un devis<\/div><\/a><\/div><\/div>\n\n\n\n<div class=\"wp-block-uagb-buttons-child uagb-buttons__outer-wrap uagb-block-289a25d1 wp-block-button is-style-outline\"><div class=\"uagb-button__wrapper\"><a class=\"uagb-buttons-repeater wp-block-button__link\" href=\"#question\" onclick=\"return true;\" rel=\"follow noopener\" target=\"_self\"><div class=\"uagb-button__link\">Poser une question<\/div><\/a><\/div><\/div>\n<\/div><\/div>\n<\/div><\/div>\n\n\n\n<div class=\"wp-block-uagb-container uagb-block-8a8bbe11 alignfull uagb-is-root-container\"><div class=\"uagb-container-inner-blocks-wrap\">\n<div class=\"wp-block-uagb-container uagb-block-9dcdd7b4\">\n<div class=\"wp-block-uagb-container uagb-block-a920c668\">\n<div class=\"wp-block-uagb-google-map uagb-google-map__wrap uagb-block-34fe484c\"><iframe class=\"uagb-google-map__iframe\" title=\"Carte Google pour 7 rue d'enghien 75010 Paris10\" src=\"https:\/\/www.google.com\/maps\/embed\/v1\/place?key=AIzaSyAsd_d46higiozY-zNqtr7zdA81Soswje4&amp;q=7%20rue%20d'enghien%2075010%20Paris10&amp;zoom=14&amp;language=en\" width=\"640\" height=\"460\" loading=\"lazy\"><\/iframe><\/div>\n<\/div>\n\n\n\n<div class=\"wp-block-columns has-medium-font-size is-layout-flex wp-container-core-columns-is-layout-28f84493 wp-block-columns-is-layout-flex\">\n<div class=\"wp-block-column is-vertically-aligned-center is-layout-flow wp-block-column-is-layout-flow\">\n<div class=\"wp-block-uagb-info-box uagb-block-8dfa9624 uagb-infobox__content-wrap  uagb-infobox-icon-left uagb-infobox-left uagb-infobox-image-valign-middle\"><div class=\"uagb-ifb-icon-wrap\"><svg xmlns=\"https:\/\/www.w3.org\/2000\/svg\" viewBox=\"0 0 384 512\"><path d=\"M168.3 499.2C116.1 435 0 279.4 0 192C0 85.96 85.96 0 192 0C298 0 384 85.96 384 192C384 279.4 267 435 215.7 499.2C203.4 514.5 180.6 514.5 168.3 499.2H168.3zM192 256C227.3 256 256 227.3 256 192C256 156.7 227.3 128 192 128C156.7 128 128 156.7 128 192C128 227.3 156.7 256 192 256z\"><\/path><\/svg><\/div><div class=\"uagb-ifb-content\"><div class=\"uagb-ifb-title-wrap\"><\/div><p class=\"uagb-ifb-desc\">7 rue d&rsquo;Enghien<br>75010 Paris 10<\/p><\/div><\/div>\n\n\n\n<div class=\"wp-block-uagb-info-box uagb-block-0f92ed3a uagb-infobox__content-wrap  uagb-infobox-icon-left uagb-infobox-left uagb-infobox-image-valign-middle\"><div class=\"uagb-ifb-icon-wrap\"><svg xmlns=\"https:\/\/www.w3.org\/2000\/svg\" viewBox=\"0 0 512 512\"><path d=\"M464 64C490.5 64 512 85.49 512 112C512 127.1 504.9 141.3 492.8 150.4L275.2 313.6C263.8 322.1 248.2 322.1 236.8 313.6L19.2 150.4C7.113 141.3 0 127.1 0 112C0 85.49 21.49 64 48 64H464zM217.6 339.2C240.4 356.3 271.6 356.3 294.4 339.2L512 176V384C512 419.3 483.3 448 448 448H64C28.65 448 0 419.3 0 384V176L217.6 339.2z\"><\/path><\/svg><\/div><div class=\"uagb-ifb-content\"><div class=\"uagb-ifb-title-wrap\"><\/div><p class=\"uagb-ifb-desc\">pierre@esprods.fr<\/p><\/div><\/div>\n\n\n\n<div class=\"wp-block-uagb-info-box uagb-block-5d6d5290 uagb-infobox__content-wrap  uagb-infobox-icon-left uagb-infobox-left uagb-infobox-image-valign-middle\"><div class=\"uagb-ifb-icon-wrap\"><svg xmlns=\"https:\/\/www.w3.org\/2000\/svg\" viewBox=\"0 0 512 512\"><path d=\"M284.6 181.9c-10.28-8.344-25.41-6.875-33.75 3.406C242.4 195.6 243.9 210.7 254.2 219.1c11.31 9.25 17.81 22.69 17.81 36.87c0 14.19-6.5 27.62-17.81 36.87c-10.28 8.406-11.78 23.53-3.375 33.78c4.719 5.812 11.62 8.812 18.56 8.812c5.344 0 10.75-1.781 15.19-5.406c22.53-18.44 35.44-45.4 35.44-74.05S307.1 200.4 284.6 181.9zM345.1 107.1c-10.22-8.344-25.34-6.907-33.78 3.343c-8.406 10.25-6.906 25.37 3.344 33.78c33.88 27.78 53.31 68.18 53.31 110.9s-19.44 83.09-53.31 110.9c-10.25 8.406-11.75 23.53-3.344 33.78c4.75 5.781 11.62 8.781 18.56 8.781c5.375 0 10.75-1.781 15.22-5.438C390.2 367.1 416 313.1 416 255.1S390.2 144.9 345.1 107.1zM406.4 33.15c-10.22-8.344-25.34-6.875-33.78 3.344c-8.406 10.25-6.906 25.37 3.344 33.78C431.9 116.1 464 183.8 464 255.1s-32.09 139.9-88.06 185.7c-10.25 8.406-11.75 23.53-3.344 33.78c4.75 5.781 11.62 8.781 18.56 8.781c5.375 0 10.75-1.781 15.22-5.438C473.5 423.8 512 342.6 512 255.1S473.5 88.15 406.4 33.15zM151.3 174.6C161.1 175.6 172.1 169.5 176 159.6l33.75-84.38C214 64.35 209.1 51.1 200.2 45.86l-67.47-42.17C123.2-2.289 110.9-.8945 102.9 7.08C-34.32 144.3-34.31 367.7 102.9 504.9c7.982 7.984 20.22 9.379 29.75 3.402l67.48-42.19c9.775-6.104 13.9-18.47 9.598-29.3L176 352.5c-3.945-9.963-14.14-16.11-24.73-14.97l-53.24 5.314C78.89 286.7 78.89 225.4 98.06 169.3L151.3 174.6z\"><\/path><\/svg><\/div><div class=\"uagb-ifb-content\"><div class=\"uagb-ifb-title-wrap\"><\/div><p class=\"uagb-ifb-desc\">06 61 41 72 20<\/p><\/div><\/div>\n<\/div>\n<\/div>\n<\/div>\n<\/div><\/div>\n\n\n\n<hr class=\"wp-block-separator has-alpha-channel-opacity is-style-wide\" style=\"margin-top:var(--wp--preset--spacing--80);margin-bottom:var(--wp--preset--spacing--80)\" id=\"devis\"\/>\n\n\n\n<div class=\"wp-block-uagb-container uagb-block-1be5bec6 alignfull uagb-is-root-container\"><div class=\"uagb-container-inner-blocks-wrap\">\n<div class=\"wp-block-uagb-container uagb-block-5485b71d\"><div class=\"wpforms-container wpforms-block\" id=\"wpforms-86\"><form id=\"wpforms-form-86\" class=\"wpforms-validate wpforms-form\" data-formid=\"86\" method=\"post\" enctype=\"multipart\/form-data\" action=\"\/index.php\/wp-json\/wp\/v2\/pages\/1494\" data-token=\"25f64e9902255791eb311e0598d7e3f0\"><div class=\"wpforms-head-container\"><div class=\"wpforms-title\">Demander un devis<\/div><\/div><noscript class=\"wpforms-error-noscript\">Veuillez activer JavaScript dans votre navigateur pour remplir ce formulaire.<\/noscript><div class=\"wpforms-field-container\"><div id=\"wpforms-86-field_5-container\" class=\"wpforms-field wpforms-field-select wpforms-field-select-style-classic\" data-field-id=\"5\"><label class=\"wpforms-field-label\" for=\"wpforms-86-field_5\">Vous \u00eates <span class=\"wpforms-required-label\">*<\/span><\/label><select id=\"wpforms-86-field_5\" class=\"wpforms-field-medium wpforms-field-required\" name=\"wpforms[fields][5]\" required=\"required\"><option value=\"Une entreprise\" >Une entreprise<\/option><option value=\"Un particulier\" >Un particulier<\/option><\/select><\/div><div id=\"wpforms-86-field_6-container\" class=\"wpforms-field wpforms-field-checkbox wpforms-list-inline\" data-field-id=\"6\"><label class=\"wpforms-field-label\" for=\"wpforms-86-field_6\">Choix de l&#039;activit\u00e9 (plusieurs r\u00e9ponses possibles) <span class=\"wpforms-required-label\">*<\/span><\/label><ul id=\"wpforms-86-field_6\" class=\"wpforms-field-required\"><li class=\"choice-1 depth-1\"><input type=\"checkbox\" id=\"wpforms-86-field_6_1\" name=\"wpforms[fields][6][]\" value=\"Jeux d&#039;enqu\u00eate\" required ><label class=\"wpforms-field-label-inline\" for=\"wpforms-86-field_6_1\">Jeux d'enqu\u00eate<\/label><\/li><li class=\"choice-2 depth-1\"><input type=\"checkbox\" id=\"wpforms-86-field_6_2\" name=\"wpforms[fields][6][]\" value=\"Ateliers et stages th\u00e9\u00e2tre\" required ><label class=\"wpforms-field-label-inline\" for=\"wpforms-86-field_6_2\">Ateliers et stages th\u00e9\u00e2tre<\/label><\/li><li class=\"choice-3 depth-1\"><input type=\"checkbox\" id=\"wpforms-86-field_6_3\" name=\"wpforms[fields][6][]\" value=\"\u00c9v\u00e9nementiel\" required ><label class=\"wpforms-field-label-inline\" for=\"wpforms-86-field_6_3\">\u00c9v\u00e9nementiel<\/label><\/li><li class=\"choice-4 depth-1\"><input type=\"checkbox\" id=\"wpforms-86-field_6_4\" name=\"wpforms[fields][6][]\" value=\"Th\u00e9\u00e2tre des brunes\" required ><label class=\"wpforms-field-label-inline\" for=\"wpforms-86-field_6_4\">Th\u00e9\u00e2tre des brunes<\/label><\/li><\/ul><\/div><div id=\"wpforms-86-field_7-container\" class=\"wpforms-field wpforms-field-name\" data-field-id=\"7\"><label class=\"wpforms-field-label\" for=\"wpforms-86-field_7\">Nom <span class=\"wpforms-required-label\">*<\/span><\/label><div class=\"wpforms-field-row wpforms-field-medium\"><div class=\"wpforms-field-row-block wpforms-first wpforms-one-half\"><input type=\"text\" id=\"wpforms-86-field_7\" class=\"wpforms-field-name-first wpforms-field-required\" name=\"wpforms[fields][7][first]\" required><label for=\"wpforms-86-field_7\" class=\"wpforms-field-sublabel after \">Pr\u00e9nom<\/label><\/div><div class=\"wpforms-field-row-block wpforms-one-half\"><input type=\"text\" id=\"wpforms-86-field_7-last\" class=\"wpforms-field-name-last wpforms-field-required\" name=\"wpforms[fields][7][last]\" required><label for=\"wpforms-86-field_7-last\" class=\"wpforms-field-sublabel after \">Nom<\/label><\/div><\/div><\/div><div id=\"wpforms-86-field_8-container\" class=\"wpforms-field wpforms-field-email\" data-field-id=\"8\"><label class=\"wpforms-field-label\" for=\"wpforms-86-field_8\">E-mail <span class=\"wpforms-required-label\">*<\/span><\/label><input type=\"email\" id=\"wpforms-86-field_8\" class=\"wpforms-field-medium wpforms-field-required\" name=\"wpforms[fields][8]\" spellcheck=\"false\" required><\/div><div id=\"wpforms-86-field_12-container\" class=\"wpforms-field wpforms-field-text\" data-field-id=\"12\"><label class=\"wpforms-field-label\" for=\"wpforms-86-field_12\">Num\u00e9ro de t\u00e9l\u00e9phone <span class=\"wpforms-required-label\">*<\/span><\/label><input type=\"text\" id=\"wpforms-86-field_12\" class=\"wpforms-field-medium wpforms-field-required\" name=\"wpforms[fields][12]\" required><\/div><div id=\"wpforms-86-field_9-container\" class=\"wpforms-field wpforms-field-radio wpforms-list-inline\" data-field-id=\"9\"><label class=\"wpforms-field-label\" for=\"wpforms-86-field_9\">O\u00f9 <span class=\"wpforms-required-label\">*<\/span><\/label><ul id=\"wpforms-86-field_9\" class=\"wpforms-field-required\"><li class=\"choice-1 depth-1\"><input type=\"radio\" id=\"wpforms-86-field_9_1\" name=\"wpforms[fields][9]\" value=\"En int\u00e9rieur\" required ><label class=\"wpforms-field-label-inline\" for=\"wpforms-86-field_9_1\">En int\u00e9rieur<\/label><\/li><li class=\"choice-2 depth-1\"><input type=\"radio\" id=\"wpforms-86-field_9_2\" name=\"wpforms[fields][9]\" value=\"En ext\u00e9rieur\" required ><label class=\"wpforms-field-label-inline\" for=\"wpforms-86-field_9_2\">En ext\u00e9rieur<\/label><\/li><li class=\"choice-3 depth-1\"><input type=\"radio\" id=\"wpforms-86-field_9_3\" name=\"wpforms[fields][9]\" value=\"J&#039;h\u00e9site\" required ><label class=\"wpforms-field-label-inline\" for=\"wpforms-86-field_9_3\">J'h\u00e9site<\/label><\/li><\/ul><\/div><div id=\"wpforms-86-field_3-container\" class=\"wpforms-field wpforms-field-radio wpforms-list-inline\" data-field-id=\"3\"><label class=\"wpforms-field-label\" for=\"wpforms-86-field_3\">Quand <span class=\"wpforms-required-label\">*<\/span><\/label><ul id=\"wpforms-86-field_3\" class=\"wpforms-field-required\"><li class=\"choice-1 depth-1\"><input type=\"radio\" id=\"wpforms-86-field_3_1\" name=\"wpforms[fields][3]\" value=\"En soir\u00e9e\" required ><label class=\"wpforms-field-label-inline\" for=\"wpforms-86-field_3_1\">En soir\u00e9e<\/label><\/li><li class=\"choice-2 depth-1\"><input type=\"radio\" id=\"wpforms-86-field_3_2\" name=\"wpforms[fields][3]\" value=\"En journ\u00e9e\" required ><label class=\"wpforms-field-label-inline\" for=\"wpforms-86-field_3_2\">En journ\u00e9e<\/label><\/li><li class=\"choice-3 depth-1\"><input type=\"radio\" id=\"wpforms-86-field_3_3\" name=\"wpforms[fields][3]\" value=\"J&#039;h\u00e9site\" required ><label class=\"wpforms-field-label-inline\" for=\"wpforms-86-field_3_3\">J'h\u00e9site<\/label><\/li><\/ul><\/div><div id=\"wpforms-86-field_10-container\" class=\"wpforms-field wpforms-field-radio wpforms-list-inline\" data-field-id=\"10\"><label class=\"wpforms-field-label\" for=\"wpforms-86-field_10\">Lieu <span class=\"wpforms-required-label\">*<\/span><\/label><ul id=\"wpforms-86-field_10\" class=\"wpforms-field-required\"><li class=\"choice-1 depth-1\"><input type=\"radio\" id=\"wpforms-86-field_10_1\" name=\"wpforms[fields][10]\" value=\"Lieu d\u00e9j\u00e0 privatis\u00e9\" required ><label class=\"wpforms-field-label-inline\" for=\"wpforms-86-field_10_1\">Lieu d\u00e9j\u00e0 privatis\u00e9<\/label><\/li><li class=\"choice-2 depth-1\"><input type=\"radio\" id=\"wpforms-86-field_10_2\" name=\"wpforms[fields][10]\" value=\"En recherche de lieu\" required ><label class=\"wpforms-field-label-inline\" for=\"wpforms-86-field_10_2\">En recherche de lieu<\/label><\/li><\/ul><\/div><div id=\"wpforms-86-field_2-container\" class=\"wpforms-field wpforms-field-textarea\" data-field-id=\"2\"><label class=\"wpforms-field-label\" for=\"wpforms-86-field_2\">Message <span class=\"wpforms-required-label\">*<\/span><\/label><textarea id=\"wpforms-86-field_2\" class=\"wpforms-field-medium wpforms-field-required\" name=\"wpforms[fields][2]\" placeholder=\"Votre message\" required><\/textarea><\/div><div id=\"wpforms-86-field_11-container\" class=\"wpforms-field wpforms-field-gdpr-checkbox\" data-field-id=\"11\"><label class=\"wpforms-field-label\" for=\"wpforms-86-field_11\">Conditions <span class=\"wpforms-required-label\">*<\/span><\/label><ul id=\"wpforms-86-field_11\" class=\"wpforms-field-required\"><li class=\"choice-1\"><input type=\"checkbox\" id=\"wpforms-86-field_11_1\" name=\"wpforms[fields][11][]\" value=\"En cochant cette case et en soumettant ce formulaire, j&#039;accepte que mes donn\u00e9es soient utilis\u00e9es pour me contacter dans le cadre de ma demande indiqu\u00e9e dans ce formulaire. Aucun autre traitement ne sera effectu\u00e9 avec mes donn\u00e9es.\" required ><label class=\"wpforms-field-label-inline\" for=\"wpforms-86-field_11_1\">En cochant cette case et en soumettant ce formulaire, j'accepte que mes donn\u00e9es soient utilis\u00e9es pour me contacter dans le cadre de ma demande indiqu\u00e9e dans ce formulaire. Aucun autre traitement ne sera effectu\u00e9 avec mes donn\u00e9es.<\/label><\/li><\/ul><\/div><\/div><!-- .wpforms-field-container --><div class=\"wpforms-field wpforms-field-hp\"><label for=\"wpforms-86-field-hp\" class=\"wpforms-field-label\">Phone<\/label><input type=\"text\" name=\"wpforms[hp]\" id=\"wpforms-86-field-hp\" class=\"wpforms-field-medium\"><\/div><input type=\"hidden\" name=\"wpforms[recaptcha]\" value=\"\"><div class=\"wpforms-submit-container\" ><input type=\"hidden\" name=\"wpforms[id]\" value=\"86\"><input type=\"hidden\" name=\"wpforms[author]\" value=\"1\"><button type=\"submit\" name=\"wpforms[submit]\" id=\"wpforms-submit-86\" class=\"wpforms-submit\" data-alt-text=\"Envoi en cours...\" data-submit-text=\"Envoyer\" aria-live=\"assertive\" value=\"wpforms-submit\">Envoyer<\/button><\/div><\/form><\/div>  <!-- .wpforms-container --><\/div>\n<\/div><\/div>\n\n\n\n<hr class=\"wp-block-separator has-alpha-channel-opacity is-style-wide\" style=\"margin-top:var(--wp--preset--spacing--80);margin-bottom:var(--wp--preset--spacing--80)\" id=\"question\"\/>\n\n\n\n<div class=\"wp-block-uagb-container uagb-block-1d5c1b6c alignfull uagb-is-root-container\"><div class=\"uagb-container-inner-blocks-wrap\">\n<div class=\"wp-block-uagb-container uagb-block-1cfb5f2e\"><div class=\"wpforms-container wpforms-block\" id=\"wpforms-2499\"><form id=\"wpforms-form-2499\" class=\"wpforms-validate wpforms-form wpforms-ajax-form\" data-formid=\"2499\" method=\"post\" enctype=\"multipart\/form-data\" action=\"\/index.php\/wp-json\/wp\/v2\/pages\/1494\" data-token=\"094d43082c1db17639cb0e2f7aa9247c\"><div class=\"wpforms-head-container\"><div class=\"wpforms-title\">Poser une question<\/div><\/div><noscript class=\"wpforms-error-noscript\">Veuillez activer JavaScript dans votre navigateur pour remplir ce formulaire.<\/noscript><div class=\"wpforms-field-container\"><div id=\"wpforms-2499-field_1-container\" class=\"wpforms-field wpforms-field-name\" data-field-id=\"1\"><label class=\"wpforms-field-label\" for=\"wpforms-2499-field_1\">Nom <span class=\"wpforms-required-label\">*<\/span><\/label><div class=\"wpforms-field-row wpforms-field-medium\"><div class=\"wpforms-field-row-block wpforms-first wpforms-one-half\"><input type=\"text\" id=\"wpforms-2499-field_1\" class=\"wpforms-field-name-first wpforms-field-required\" name=\"wpforms[fields][1][first]\" required><label for=\"wpforms-2499-field_1\" class=\"wpforms-field-sublabel after \">Pr\u00e9nom<\/label><\/div><div class=\"wpforms-field-row-block wpforms-one-half\"><input type=\"text\" id=\"wpforms-2499-field_1-last\" class=\"wpforms-field-name-last wpforms-field-required\" name=\"wpforms[fields][1][last]\" required><label for=\"wpforms-2499-field_1-last\" class=\"wpforms-field-sublabel after \">Nom<\/label><\/div><\/div><\/div><div id=\"wpforms-2499-field_2-container\" class=\"wpforms-field wpforms-field-email\" data-field-id=\"2\"><label class=\"wpforms-field-label\" for=\"wpforms-2499-field_2\">E-mail <span class=\"wpforms-required-label\">*<\/span><\/label><input type=\"email\" id=\"wpforms-2499-field_2\" class=\"wpforms-field-medium wpforms-field-required\" name=\"wpforms[fields][2]\" spellcheck=\"false\" required><\/div><div id=\"wpforms-2499-field_3-container\" class=\"wpforms-field wpforms-field-text\" data-field-id=\"3\"><label class=\"wpforms-field-label\" for=\"wpforms-2499-field_3\">T\u00e9l\u00e9phone<\/label><input type=\"text\" id=\"wpforms-2499-field_3\" class=\"wpforms-field-small\" name=\"wpforms[fields][3]\" ><\/div><div id=\"wpforms-2499-field_4-container\" class=\"wpforms-field wpforms-field-text\" data-field-id=\"4\"><label class=\"wpforms-field-label\" for=\"wpforms-2499-field_4\">Sujet<\/label><input type=\"text\" id=\"wpforms-2499-field_4\" class=\"wpforms-field-medium\" name=\"wpforms[fields][4]\" ><\/div><div id=\"wpforms-2499-field_5-container\" class=\"wpforms-field wpforms-field-textarea\" data-field-id=\"5\"><label class=\"wpforms-field-label\" for=\"wpforms-2499-field_5\">Message<\/label><textarea id=\"wpforms-2499-field_5\" class=\"wpforms-field-medium\" name=\"wpforms[fields][5]\" ><\/textarea><\/div><\/div><!-- .wpforms-field-container --><input type=\"hidden\" name=\"wpforms[recaptcha]\" value=\"\"><div class=\"wpforms-submit-container\" ><input type=\"hidden\" name=\"wpforms[id]\" value=\"2499\"><input type=\"hidden\" name=\"wpforms[author]\" value=\"1\"><button type=\"submit\" name=\"wpforms[submit]\" id=\"wpforms-submit-2499\" class=\"wpforms-submit\" data-alt-text=\"Envoi...\" data-submit-text=\"Envoyer\" aria-live=\"assertive\" value=\"wpforms-submit\">Envoyer<\/button><img loading=\"lazy\" decoding=\"async\" src=\"https:\/\/scenedejeu.com\/wp-content\/plugins\/wpforms-lite\/assets\/images\/submit-spin.svg\" class=\"wpforms-submit-spinner\" style=\"display: none;\" width=\"26\" height=\"26\" alt=\"Chargement en cours\"><\/div><\/form><\/div>  <!-- .wpforms-container --><\/div>\n<\/div><\/div>\n\n\n\n<div style=\"height:100px\" aria-hidden=\"true\" class=\"wp-block-spacer\"><\/div>\n","protected":false},"excerpt":{"rendered":"","protected":false},"author":1,"featured_media":0,"parent":0,"menu_order":0,"comment_status":"closed","ping_status":"closed","template":"","meta":{"_uag_custom_page_level_css":"","site-sidebar-layout":"no-sidebar","site-content-layout":"page-builder","ast-global-header-display":"","ast-main-header-display":"","ast-hfb-above-header-display":"","ast-hfb-below-header-display":"","ast-hfb-mobile-header-display":"","site-post-title":"disabled","ast-breadcrumbs-content":"","ast-featured-img":"disabled","footer-sml-layout":"","theme-transparent-header-meta":"enabled","adv-header-id-meta":"","stick-header-meta":"","header-above-stick-meta":"","header-main-stick-meta":"","header-below-stick-meta":"","_themeisle_gutenberg_block_has_review":false,"footnotes":""},"class_list":["post-1494","page","type-page","status-publish","hentry"],"uagb_featured_image_src":{"full":false,"thumbnail":false,"medium":false,"medium_large":false,"large":false,"1536x1536":false,"2048x2048":false},"uagb_author_info":{"display_name":"admin8994","author_link":"https:\/\/scenedejeu.com\/index.php\/author\/admin8994\/"},"uagb_comment_info":0,"uagb_excerpt":null,"_links":{"self":[{"href":"https:\/\/scenedejeu.com\/index.php\/wp-json\/wp\/v2\/pages\/1494","targetHints":{"allow":["GET"]}}],"collection":[{"href":"https:\/\/scenedejeu.com\/index.php\/wp-json\/wp\/v2\/pages"}],"about":[{"href":"https:\/\/scenedejeu.com\/index.php\/wp-json\/wp\/v2\/types\/page"}],"author":[{"embeddable":true,"href":"https:\/\/scenedejeu.com\/index.php\/wp-json\/wp\/v2\/users\/1"}],"replies":[{"embeddable":true,"href":"https:\/\/scenedejeu.com\/index.php\/wp-json\/wp\/v2\/comments?post=1494"}],"version-history":[{"count":46,"href":"https:\/\/scenedejeu.com\/index.php\/wp-json\/wp\/v2\/pages\/1494\/revisions"}],"predecessor-version":[{"id":3021,"href":"https:\/\/scenedejeu.com\/index.php\/wp-json\/wp\/v2\/pages\/1494\/revisions\/3021"}],"wp:attachment":[{"href":"https:\/\/scenedejeu.com\/index.php\/wp-json\/wp\/v2\/media?parent=1494"}],"curies":[{"name":"wp","href":"https:\/\/api.w.org\/{rel}","templated":true}]}}