{"id":29,"date":"2022-12-26T20:04:29","date_gmt":"2022-12-26T19:04:29","guid":{"rendered":"http:\/\/svkvmkc.cluster031.hosting.ovh.net\/?page_id=29"},"modified":"2023-03-07T00:23:49","modified_gmt":"2023-03-06T23:23:49","slug":"evenementiel","status":"publish","type":"page","link":"https:\/\/scenedejeu.com\/index.php\/evenementiel\/","title":{"rendered":"\u00c9v\u00e9nementiel"},"content":{"rendered":"\n<div class=\"wp-block-uagb-container uagb-block-8e9732bc alignfull uagb-is-root-container\"><div class=\"uagb-container-inner-blocks-wrap\">\n<div class=\"wp-block-uagb-advanced-heading uagb-block-04e98ac3\"><h1 class=\"uagb-heading-text\">\u00c9v\u00e9nementiel<\/h1><\/div>\n\n\n\n<div class=\"wp-block-uagb-container uagb-block-fa83a9b4\"><\/div>\n\n\n\n<div style=\"height:100px\" aria-hidden=\"true\" class=\"wp-block-spacer\"><\/div>\n\n\n\n<div class=\"wp-block-uagb-advanced-heading uagb-block-7c324489\"><h2 class=\"uagb-heading-text\">EN UN MOT<\/h2><\/div>\n\n\n\n<p>Vous souhaitez organiser un \u00e9v\u00e9nement particulier, ou vous cherchez une activit\u00e9 pour \u00e9gayer votre \u00e9v\u00e9nement \u00e0 venir ?<\/p>\n\n\n\n<p>Nos \u00e9quipes se mettent \u00e0 votre service pour vous offrir l&rsquo;\u00e9v\u00e9nement qui vous convient. Spectacle, jeux, animation, tout est possible.<\/p>\n\n\n\n<div class=\"wp-block-uagb-advanced-heading uagb-block-95a41c75\"><h2 class=\"uagb-heading-text\">POUR QUI ?<\/h2><\/div>\n\n\n\n<p class=\"has-text-align-center\">Que vous soyez une entreprise, un groupe d\u2019amis, une collectivit\u00e9, un particulier, toutes les formules sont possibles, pour tous les \u00e2ges et tous les go\u00fbts !<\/p>\n<\/div><\/div>\n\n\n\n<div style=\"height:100px\" aria-hidden=\"true\" class=\"wp-block-spacer\"><\/div>\n\n\n\t\t\t\t\t<div\n\t\t\t\t\t\tclass=\"wp-block-uagb-image-gallery uagb-block-b28e3a64     \"\n\t\t\t\t\t\tstyle=\"\"\n\t\t\t\t\t>\n\t\t\t\t\t\t\t\t\t\t\t<div class=\"spectra-image-gallery spectra-image-gallery__layout--grid spectra-image-gallery__layout--grid-col-3 spectra-image-gallery__layout--grid-col-tab-1 spectra-image-gallery__layout--grid-col-mob-1\">\n\t\t\t\t\t\t\t\t\t\t\t<div class='spectra-image-gallery__media-wrapper' data-spectra-gallery-image-id='2984'>\n\t\t\t\t\t\t\t<div class=\"spectra-image-gallery__media spectra-image-gallery__media--grid\">\n\t\t\t\t<picture>\n\t\t\t\t\t<source media=\"(min-width: 1024px)\" srcset=\"https:\/\/scenedejeu.com\/wp-content\/uploads\/2023\/03\/ENFANTS-1-1024x683.jpg\">\n\t\t\t\t\t<source media=\"(min-width: 768px)\" srcset=\"https:\/\/scenedejeu.com\/wp-content\/uploads\/2023\/03\/ENFANTS-1-1024x683.jpg\">\n\t\t\t\t\t<img decoding=\"async\" class=\"spectra-image-gallery__media-thumbnail spectra-image-gallery__media-thumbnail--grid\" src=\"https:\/\/scenedejeu.com\/wp-content\/uploads\/2023\/03\/ENFANTS-1-300x200.jpg\" alt=\"\" loading=\"lazy\" \/>\n\t\t\t\t<\/picture>\n\t\t\t\t<div class=\"spectra-image-gallery__media-thumbnail-blurrer\"><\/div>\n\t\t\t\t\t\t\t\t\t\t\t<div class=\"spectra-image-gallery__media-thumbnail-caption-wrapper spectra-image-gallery__media-thumbnail-caption-wrapper--overlay\">\n\t\t\t\t\t\t\t\t\t\t\t<div class=\"spectra-image-gallery__media-thumbnail-caption spectra-image-gallery__media-thumbnail-caption--overlay\">\n\t\t\t\t\t<a href=\"https:\/\/scenedejeu.com\/index.php\/evenementiel\/spectacles-enfants\/\" data-type=\"URL\" data-id=\"https:\/\/scenedejeu.com\/index.php\/evenementiel\/spectacles-enfants\/\">spectacles enfants<\/a>\t\t\t\t<\/div>\n\t\t\t\t\t\t\t\t\t\t<\/div>\n\t\t\t\t\t\t\t\t\t<\/div>\n\t\t\t\t\t\t<\/div>\n\t\t\t\t\t\t<div class='spectra-image-gallery__media-wrapper' data-spectra-gallery-image-id='2985'>\n\t\t\t\t\t\t\t<div class=\"spectra-image-gallery__media spectra-image-gallery__media--grid\">\n\t\t\t\t<picture>\n\t\t\t\t\t<source media=\"(min-width: 1024px)\" srcset=\"https:\/\/scenedejeu.com\/wp-content\/uploads\/2023\/03\/NOEL-1-scaled.jpg\">\n\t\t\t\t\t<source media=\"(min-width: 768px)\" srcset=\"https:\/\/scenedejeu.com\/wp-content\/uploads\/2023\/03\/NOEL-1-scaled.jpg\">\n\t\t\t\t\t<img decoding=\"async\" class=\"spectra-image-gallery__media-thumbnail spectra-image-gallery__media-thumbnail--grid\" src=\"https:\/\/scenedejeu.com\/wp-content\/uploads\/2023\/03\/NOEL-1-300x201.jpg\" alt=\"\" loading=\"lazy\" \/>\n\t\t\t\t<\/picture>\n\t\t\t\t<div class=\"spectra-image-gallery__media-thumbnail-blurrer\"><\/div>\n\t\t\t\t\t\t\t\t\t\t\t<div class=\"spectra-image-gallery__media-thumbnail-caption-wrapper spectra-image-gallery__media-thumbnail-caption-wrapper--overlay\">\n\t\t\t\t\t\t\t\t\t\t\t<div class=\"spectra-image-gallery__media-thumbnail-caption spectra-image-gallery__media-thumbnail-caption--overlay\">\n\t\t\t\t\t<a href=\"https:\/\/scenedejeu.com\/index.php\/evenementiel\/arbres-de-noel\/\" data-type=\"URL\" data-id=\"https:\/\/scenedejeu.com\/index.php\/evenementiel\/arbres-de-noel\/\">arbres de no\u00ebl<\/a>\t\t\t\t<\/div>\n\t\t\t\t\t\t\t\t\t\t<\/div>\n\t\t\t\t\t\t\t\t\t<\/div>\n\t\t\t\t\t\t<\/div>\n\t\t\t\t\t\t<div class='spectra-image-gallery__media-wrapper' data-spectra-gallery-image-id='2990'>\n\t\t\t\t\t\t\t<div class=\"spectra-image-gallery__media spectra-image-gallery__media--grid\">\n\t\t\t\t<picture>\n\t\t\t\t\t<source media=\"(min-width: 1024px)\" srcset=\"https:\/\/scenedejeu.com\/wp-content\/uploads\/2023\/03\/EVE-2-1024x683.jpg\">\n\t\t\t\t\t<source media=\"(min-width: 768px)\" srcset=\"https:\/\/scenedejeu.com\/wp-content\/uploads\/2023\/03\/EVE-2-1024x683.jpg\">\n\t\t\t\t\t<img decoding=\"async\" class=\"spectra-image-gallery__media-thumbnail spectra-image-gallery__media-thumbnail--grid\" src=\"https:\/\/scenedejeu.com\/wp-content\/uploads\/2023\/03\/EVE-2-300x200.jpg\" alt=\"\" loading=\"lazy\" \/>\n\t\t\t\t<\/picture>\n\t\t\t\t<div class=\"spectra-image-gallery__media-thumbnail-blurrer\"><\/div>\n\t\t\t\t\t\t\t\t\t\t\t<div class=\"spectra-image-gallery__media-thumbnail-caption-wrapper spectra-image-gallery__media-thumbnail-caption-wrapper--overlay\">\n\t\t\t\t\t\t\t\t\t\t\t<div class=\"spectra-image-gallery__media-thumbnail-caption spectra-image-gallery__media-thumbnail-caption--overlay\">\n\t\t\t\t\t<a href=\"https:\/\/scenedejeu.com\/index.php\/evenementiel\/organisation-de-votre-evenement-sur-mesure\/\" data-type=\"URL\" data-id=\"https:\/\/scenedejeu.com\/index.php\/evenementiel\/organisation-de-votre-evenement-sur-mesure\/\">votre \u00e9v\u00e9nement sur mesure<\/a>\t\t\t\t<\/div>\n\t\t\t\t\t\t\t\t\t\t<\/div>\n\t\t\t\t\t\t\t\t\t<\/div>\n\t\t\t\t\t\t<\/div>\n\t\t\t\t\t\t\t\t\t\t<\/div>\n\t\t\t\t\t\t\t\t\t\t\t\t\t\t\t\t\t\t<\/div>\n\t\t\t\t\t\t\t\t\t","protected":false},"excerpt":{"rendered":"","protected":false},"author":1,"featured_media":0,"parent":0,"menu_order":0,"comment_status":"closed","ping_status":"closed","template":"","meta":{"_uag_custom_page_level_css":"","site-sidebar-layout":"default","site-content-layout":"default","ast-global-header-display":"","ast-main-header-display":"","ast-hfb-above-header-display":"","ast-hfb-below-header-display":"","ast-hfb-mobile-header-display":"","site-post-title":"disabled","ast-breadcrumbs-content":"","ast-featured-img":"","footer-sml-layout":"","theme-transparent-header-meta":"","adv-header-id-meta":"","stick-header-meta":"","header-above-stick-meta":"","header-main-stick-meta":"","header-below-stick-meta":"","_themeisle_gutenberg_block_has_review":false,"footnotes":""},"class_list":["post-29","page","type-page","status-publish","hentry"],"uagb_featured_image_src":{"full":false,"thumbnail":false,"medium":false,"medium_large":false,"large":false,"1536x1536":false,"2048x2048":false},"uagb_author_info":{"display_name":"admin8994","author_link":"https:\/\/scenedejeu.com\/index.php\/author\/admin8994\/"},"uagb_comment_info":0,"uagb_excerpt":null,"_links":{"self":[{"href":"https:\/\/scenedejeu.com\/index.php\/wp-json\/wp\/v2\/pages\/29","targetHints":{"allow":["GET"]}}],"collection":[{"href":"https:\/\/scenedejeu.com\/index.php\/wp-json\/wp\/v2\/pages"}],"about":[{"href":"https:\/\/scenedejeu.com\/index.php\/wp-json\/wp\/v2\/types\/page"}],"author":[{"embeddable":true,"href":"https:\/\/scenedejeu.com\/index.php\/wp-json\/wp\/v2\/users\/1"}],"replies":[{"embeddable":true,"href":"https:\/\/scenedejeu.com\/index.php\/wp-json\/wp\/v2\/comments?post=29"}],"version-history":[{"count":4,"href":"https:\/\/scenedejeu.com\/index.php\/wp-json\/wp\/v2\/pages\/29\/revisions"}],"predecessor-version":[{"id":2997,"href":"https:\/\/scenedejeu.com\/index.php\/wp-json\/wp\/v2\/pages\/29\/revisions\/2997"}],"wp:attachment":[{"href":"https:\/\/scenedejeu.com\/index.php\/wp-json\/wp\/v2\/media?parent=29"}],"curies":[{"name":"wp","href":"https:\/\/api.w.org\/{rel}","templated":true}]}}