{"id":43,"date":"2022-12-26T20:13:46","date_gmt":"2022-12-26T19:13:46","guid":{"rendered":"http:\/\/svkvmkc.cluster031.hosting.ovh.net\/?page_id=43"},"modified":"2023-03-06T23:17:47","modified_gmt":"2023-03-06T22:17:47","slug":"mission-fantasia","status":"publish","type":"page","link":"https:\/\/scenedejeu.com\/index.php\/jeux-denquete\/mission-fantasia\/","title":{"rendered":"Mission Fantasia"},"content":{"rendered":"\n<div style=\"height:100px\" aria-hidden=\"true\" class=\"wp-block-spacer\"><\/div>\n\n\n\n<div class=\"wp-block-uagb-container uagb-block-01d2c76e alignfull uagb-is-root-container\"><div class=\"uagb-container-inner-blocks-wrap\">\n<h1 class=\"has-text-align-center has-ffffff-background-color has-background wp-block-heading\">Mission Fantasia<\/h1>\n<\/div><\/div>\n\n\n\n<div style=\"height:50px\" aria-hidden=\"true\" class=\"wp-block-spacer\"><\/div>\n\n\n\n<div class=\"wp-block-uagb-advanced-heading uagb-block-c3d799a0\"><div class=\"uagb-heading-text\"><em>Un costume disparu, un spectacle en p\u00e9ril, des artistes pr\u00eats \u00e0 tout&#8230;<\/em><br><em>The show must go on !<\/em><\/div><\/div>\n\n\n\n<div class=\"wp-block-uagb-container uagb-block-b4e24844 alignfull uagb-is-root-container\"><div class=\"uagb-container-inner-blocks-wrap\">\n<div class=\"wp-block-uagb-container uagb-block-a8b232e4\">\n<h2 class=\"wp-block-heading\">L&rsquo;Histoire<\/h2>\n\n\n\n<p>Il est 18h, le spectacle commence dans 2 heures. Les artistes du cabaret de ce soir se pr\u00e9parent, s\u2019\u00e9tirent sur la sc\u00e8ne, \u00e0 moiti\u00e9 maquill\u00e9s, le r\u00e9gisseur commence \u00e0 faire ses r\u00e9glages lumi\u00e8res, tout le monde s&rsquo;affaire, mais la costumi\u00e8re est plong\u00e9e dans ses magazines people avec son th\u00e9 \u2026<\/p>\n\n\n\n<p>Un costume manque au dressing ! Et sans ce costume, pas de show !<\/p>\n\n\n\n<p>A vous d\u2019aider la troupe \u00e0 retrouver cet \u00e9l\u00e9ment indispensable, pour d\u00e9buter le spectacle dans les temps !<\/p>\n\n\n\n<h2 class=\"wp-block-heading\">L&rsquo;\u00e9quipe<\/h2>\n\n\n\n<p><strong>Casting <\/strong>: La Big Bertha, Mara de Nud\u00e9e, Charly Broutille, Jackie Tad\u00e9oni, Julien Portugais<\/p>\n\n\n\n<p><strong>Auteur <\/strong>: Lo\u00efc Assemat<\/p>\n<\/div>\n\n\n\n<div class=\"wp-block-uagb-container uagb-block-ae4dcf4d\">\n<figure class=\"wp-block-image size-large is-resized\"><img loading=\"lazy\" decoding=\"async\" src=\"https:\/\/scenedejeu.com\/wp-content\/uploads\/2023\/03\/FANTASIA-1-724x1024.png\" alt=\"\" class=\"wp-image-2913\" width=\"511\" height=\"721\"\/><\/figure>\n<\/div>\n<\/div><\/div>\n\n\n\n<div class=\"wp-block-uagb-container uagb-block-b3fa717b alignfull uagb-is-root-container\"><div class=\"uagb-container-inner-blocks-wrap\">\n<div class=\"wp-block-uagb-container uagb-block-efc6d98c\">\n<h2 class=\"wp-block-heading\">POURQUOI CHOISIR CET ATELIER ?<\/h2>\n\n\n\n<p>Plongez dans l&rsquo;univers de la Big Bertha&rsquo;s Fanstasia, le drag show burlesque haut en couleurs !<\/p>\n\n\n\n<p>Le temps d&rsquo;un apr\u00e8s-midi, devenez membre \u00e0 part enti\u00e8re du cabaret Fantasia.<strong> Esprit d&rsquo;\u00e9quipe<\/strong> et <strong>coordination <\/strong>seront les maitres mots pour vous aider dans votre qu\u00eate. L&rsquo;efficacit\u00e9 sera \u00e9galement de mise, gare \u00e0 l&rsquo;horloge qui tourne &#8230;<\/p>\n<\/div>\n\n\n\n<div class=\"wp-block-uagb-container uagb-block-e19d3f62\">\n<h2 class=\"wp-block-heading\">Infos pratiques<\/h2>\n\n\n\n<ul class=\"wp-block-list\">\n<li><strong>Dur\u00e9e <\/strong>: de 1h \u00e0 1h30<\/li>\n\n\n\n<li><strong>\u00c2ge minimum <\/strong>: aucun<\/li>\n\n\n\n<li><strong>Genre <\/strong>: Humour Cabaret<\/li>\n\n\n\n<li><strong>Nombre de joueurs<\/strong> : 8\/10 joueurs par \u00e9quipe<\/li>\n\n\n\n<li><strong>Lieu <\/strong>: salle de spectacle<\/li>\n<\/ul>\n<\/div>\n<\/div><\/div>\n\n\n\n<div class=\"wp-block-uagb-container uagb-block-d09c026b alignfull uagb-is-root-container\"><div class=\"uagb-container-inner-blocks-wrap\">\n<div style=\"height:50px\" aria-hidden=\"true\" class=\"wp-block-spacer\"><\/div>\n\n\n\n<div id=\"wp-block-themeisle-blocks-slider-5226a16d\" class=\"wp-block-themeisle-blocks-slider glide\" data-per-view=\"1\" data-gap=\"0\" data-peek=\"0\" data-autoplay=\"true\" data-height=\"400px\" data-hide-arrows=\"false\"><div class=\"glide__track\" data-glide-el=\"track\"><div class=\"glide__slides\"><div class=\"wp-block-themeisle-blocks-slider-item-wrapper glide__slide\" tabindex=\"0\"><figure><img decoding=\"async\" class=\"wp-block-themeisle-blocks-slider-item\" src=\"https:\/\/scenedejeu.com\/wp-content\/uploads\/2023\/03\/FANTASIA-2.png\" alt=\"\" title=\"\" data-id=\"2914\"\/><\/figure><\/div><\/div><div class=\"glide__bullets\" data-glide-el=\"controls[nav]\"><button class=\"glide__bullet\" data-glide-dir=\"=0\"><\/button><\/div><\/div><\/div>\n<\/div><\/div>\n\n\n\n<div style=\"height:50px\" aria-hidden=\"true\" class=\"wp-block-spacer\"><\/div>\n\n\n\n<div class=\"wp-block-buttons is-horizontal is-content-justification-center is-layout-flex wp-container-core-buttons-is-layout-03627597 wp-block-buttons-is-layout-flex\">\n<div class=\"wp-block-button has-custom-width wp-block-button__width-50 has-custom-font-size has-medium-font-size\"><a class=\"wp-block-button__link wp-element-button\" href=\"https:\/\/scenedejeu.com\/index.php\/contact\/#devis\" style=\"padding-top:var(--wp--preset--spacing--40);padding-right:var(--wp--preset--spacing--40);padding-bottom:var(--wp--preset--spacing--40);padding-left:var(--wp--preset--spacing--40)\"><strong>Demander un devis<\/strong><\/a><\/div>\n<\/div>\n","protected":false},"excerpt":{"rendered":"","protected":false},"author":1,"featured_media":0,"parent":32,"menu_order":1,"comment_status":"closed","ping_status":"closed","template":"","meta":{"_uag_custom_page_level_css":"","site-sidebar-layout":"default","site-content-layout":"default","ast-global-header-display":"","ast-main-header-display":"","ast-hfb-above-header-display":"","ast-hfb-below-header-display":"","ast-hfb-mobile-header-display":"","site-post-title":"disabled","ast-breadcrumbs-content":"","ast-featured-img":"","footer-sml-layout":"","theme-transparent-header-meta":"","adv-header-id-meta":"","stick-header-meta":"","header-above-stick-meta":"","header-main-stick-meta":"","header-below-stick-meta":"","_themeisle_gutenberg_block_has_review":false,"footnotes":""},"class_list":["post-43","page","type-page","status-publish","hentry"],"uagb_featured_image_src":{"full":false,"thumbnail":false,"medium":false,"medium_large":false,"large":false,"1536x1536":false,"2048x2048":false},"uagb_author_info":{"display_name":"admin8994","author_link":"https:\/\/scenedejeu.com\/index.php\/author\/admin8994\/"},"uagb_comment_info":0,"uagb_excerpt":null,"_links":{"self":[{"href":"https:\/\/scenedejeu.com\/index.php\/wp-json\/wp\/v2\/pages\/43","targetHints":{"allow":["GET"]}}],"collection":[{"href":"https:\/\/scenedejeu.com\/index.php\/wp-json\/wp\/v2\/pages"}],"about":[{"href":"https:\/\/scenedejeu.com\/index.php\/wp-json\/wp\/v2\/types\/page"}],"author":[{"embeddable":true,"href":"https:\/\/scenedejeu.com\/index.php\/wp-json\/wp\/v2\/users\/1"}],"replies":[{"embeddable":true,"href":"https:\/\/scenedejeu.com\/index.php\/wp-json\/wp\/v2\/comments?post=43"}],"version-history":[{"count":17,"href":"https:\/\/scenedejeu.com\/index.php\/wp-json\/wp\/v2\/pages\/43\/revisions"}],"predecessor-version":[{"id":2933,"href":"https:\/\/scenedejeu.com\/index.php\/wp-json\/wp\/v2\/pages\/43\/revisions\/2933"}],"up":[{"embeddable":true,"href":"https:\/\/scenedejeu.com\/index.php\/wp-json\/wp\/v2\/pages\/32"}],"wp:attachment":[{"href":"https:\/\/scenedejeu.com\/index.php\/wp-json\/wp\/v2\/media?parent=43"}],"curies":[{"name":"wp","href":"https:\/\/api.w.org\/{rel}","templated":true}]}}