{"id":45,"date":"2022-12-26T20:14:04","date_gmt":"2022-12-26T19:14:04","guid":{"rendered":"http:\/\/svkvmkc.cluster031.hosting.ovh.net\/?page_id=45"},"modified":"2023-03-06T23:44:37","modified_gmt":"2023-03-06T22:44:37","slug":"panique-au-cirque","status":"publish","type":"page","link":"https:\/\/scenedejeu.com\/index.php\/jeux-denquete\/panique-au-cirque\/","title":{"rendered":"Panique au cirque"},"content":{"rendered":"\n<div style=\"height:100px\" aria-hidden=\"true\" class=\"wp-block-spacer\"><\/div>\n\n\n\n<div class=\"wp-block-uagb-container uagb-block-809ce1c4 alignfull uagb-is-root-container\"><div class=\"uagb-container-inner-blocks-wrap\">\n<h1 class=\"has-text-align-center has-ffffff-background-color has-background wp-block-heading\">Panique au cirque<\/h1>\n<\/div><\/div>\n\n\n\n<div style=\"height:50px\" aria-hidden=\"true\" class=\"wp-block-spacer\"><\/div>\n\n\n\n<div class=\"wp-block-uagb-advanced-heading uagb-block-9d7f8ebc\"><div class=\"uagb-heading-text\"><em><em><em>Une enqu\u00eate dans le domaine burlesque et d\u00e9jant\u00e9 du cirque dont vous \u00eates le h\u00e9ros !<\/em><\/em><\/em><\/div><\/div>\n\n\n\n<div class=\"wp-block-uagb-container uagb-block-3af26bf0 alignfull uagb-is-root-container\"><div class=\"uagb-container-inner-blocks-wrap\">\n<div class=\"wp-block-uagb-container uagb-block-09f850e1\">\n<h2 class=\"wp-block-heading\">L&rsquo;Histoire<\/h2>\n\n\n\n<p>Ce soir-l\u00e0, les habitants de Perachou-sur-Loire vont assister \u00e0 un spectacle de cirque de la c\u00e9l\u00e8bre compagnie itin\u00e9rante \u00ab Plindair \u00bb.<\/p>\n\n\n\n<p>En attendant que la repr\u00e9sentation d\u00e9bute, les spectateurs tr\u00e9pignent d&rsquo;impatience, sans se douter du drame qui les attend. Car au moment o\u00f9 le rideau s&rsquo;ouvre sur la sc\u00e8ne, le pr\u00e9sentateur et directeur Monsieur Loyal est retrouv\u00e9 mort au milieu de la piste devant les yeux horrifi\u00e9s des habitants de Perachou-sur-Loire.<\/p>\n\n\n\n<p>Le Brigadier Chef Guillaume Carton et son stagiaire Anthony Crouillet prennent l&rsquo;affaire en main afin de r\u00e9soudre le crime&#8230; mais vu leurs comp\u00e9tences, ils vont avoir besoin d&rsquo;aide&#8230; de votre aide ! Bienvenue dans cette enqu\u00eate hors normes qui vous emm\u00e8nera dans les coulisses du cirque.<\/p>\n\n\n\n<h2 class=\"wp-block-heading\">L&rsquo;\u00e9quipe<\/h2>\n\n\n\n<p><strong>Casting : <\/strong>Benjamin Isel et Hadrien Berthaut<\/p>\n\n\n\n<p><strong>Auteurs : <\/strong>Benjamin Isel et Hadrien Berthaut<\/p>\n<\/div>\n\n\n\n<div class=\"wp-block-uagb-container uagb-block-daa6a8d1\">\n<figure class=\"wp-block-image size-large is-resized\"><img loading=\"lazy\" decoding=\"async\" src=\"https:\/\/scenedejeu.com\/wp-content\/uploads\/2023\/03\/CIRQUE-2-1024x683.jpg\" alt=\"\" class=\"wp-image-2949\" width=\"438\" height=\"292\" srcset=\"https:\/\/scenedejeu.com\/wp-content\/uploads\/2023\/03\/CIRQUE-2-1024x683.jpg 1024w, https:\/\/scenedejeu.com\/wp-content\/uploads\/2023\/03\/CIRQUE-2-300x200.jpg 300w, https:\/\/scenedejeu.com\/wp-content\/uploads\/2023\/03\/CIRQUE-2-768x512.jpg 768w, https:\/\/scenedejeu.com\/wp-content\/uploads\/2023\/03\/CIRQUE-2-1536x1024.jpg 1536w, https:\/\/scenedejeu.com\/wp-content\/uploads\/2023\/03\/CIRQUE-2-2048x1365.jpg 2048w\" sizes=\"auto, (max-width: 438px) 100vw, 438px\" \/><\/figure>\n<\/div>\n<\/div><\/div>\n\n\n\n<div class=\"wp-block-uagb-container uagb-block-d5a6e78b alignfull uagb-is-root-container\"><div class=\"uagb-container-inner-blocks-wrap\">\n<div class=\"wp-block-uagb-container uagb-block-16b9fe55\">\n<h2 class=\"wp-block-heading\">POURQUOI CHOISIR CET ATELIER ?<\/h2>\n\n\n\n<p>Aucun myst\u00e8re ne vous r\u00e9siste ? Votre <strong>sang froid<\/strong> et votre<strong> sens de l&rsquo;observation<\/strong> ne seront pas de trop pour venir \u00e0 bout de cette panique au cirque !<\/p>\n\n\n\n<p>Alors rejoignez ce duo d\u00e9jant\u00e9 dans leur enqu\u00eate sous le chapiteau, \u00e0 la recherche du coupable&#8230;<\/p>\n<\/div>\n\n\n\n<div class=\"wp-block-uagb-container uagb-block-9ba153ac\">\n<h2 class=\"wp-block-heading\">Infos pratiques<\/h2>\n\n\n\n<ul class=\"wp-block-list\">\n<li><strong>Dur\u00e9e <\/strong>: de 1h15 \u00e0 1h45<\/li>\n\n\n\n<li><strong>\u00c2ge minimum <\/strong>: 8 ans<\/li>\n\n\n\n<li><strong>Genre <\/strong>: Humour \/ Enqu\u00eate polici\u00e8re<\/li>\n\n\n\n<li><strong>Nombre de joueurs<\/strong> : 1 \u00e0 15 joueurs par \u00e9quipe<\/li>\n\n\n\n<li><strong>Lieu <\/strong>: dans le lieu de votre choix<\/li>\n<\/ul>\n<\/div>\n<\/div><\/div>\n\n\n\n<div class=\"wp-block-uagb-container uagb-block-536e5898 alignfull uagb-is-root-container\"><div class=\"uagb-container-inner-blocks-wrap\">\n<div style=\"height:50px\" aria-hidden=\"true\" class=\"wp-block-spacer\"><\/div>\n\n\n\n<div id=\"wp-block-themeisle-blocks-slider-5226a16d\" class=\"wp-block-themeisle-blocks-slider glide\" data-per-view=\"1\" data-gap=\"0\" data-peek=\"0\" data-autoplay=\"true\" data-height=\"400px\" data-hide-arrows=\"false\"><div class=\"glide__track\" data-glide-el=\"track\"><div class=\"glide__slides\"><div class=\"wp-block-themeisle-blocks-slider-item-wrapper glide__slide\" tabindex=\"0\"><figure><img decoding=\"async\" class=\"wp-block-themeisle-blocks-slider-item\" src=\"https:\/\/scenedejeu.com\/wp-content\/uploads\/2023\/03\/CIRQUE-4.jpg\" alt=\"\" title=\"\" data-id=\"2951\"\/><\/figure><\/div><div class=\"wp-block-themeisle-blocks-slider-item-wrapper glide__slide\" tabindex=\"0\"><figure><img decoding=\"async\" class=\"wp-block-themeisle-blocks-slider-item\" src=\"https:\/\/scenedejeu.com\/wp-content\/uploads\/2023\/03\/CIRQUE-1.jpg\" alt=\"\" title=\"\" data-id=\"2948\"\/><\/figure><\/div><\/div><div class=\"glide__bullets\" data-glide-el=\"controls[nav]\"><button class=\"glide__bullet\" data-glide-dir=\"=0\"><\/button><button class=\"glide__bullet\" data-glide-dir=\"=1\"><\/button><\/div><\/div><\/div>\n<\/div><\/div>\n\n\n\n<div style=\"height:50px\" aria-hidden=\"true\" class=\"wp-block-spacer\"><\/div>\n\n\n\n<div class=\"wp-block-buttons is-horizontal is-content-justification-center is-layout-flex wp-container-core-buttons-is-layout-03627597 wp-block-buttons-is-layout-flex\">\n<div class=\"wp-block-button has-custom-width wp-block-button__width-50 has-custom-font-size has-medium-font-size\"><a class=\"wp-block-button__link wp-element-button\" href=\"https:\/\/scenedejeu.com\/index.php\/contact\/#devis\" style=\"padding-top:var(--wp--preset--spacing--40);padding-right:var(--wp--preset--spacing--40);padding-bottom:var(--wp--preset--spacing--40);padding-left:var(--wp--preset--spacing--40)\"><strong>Demander un devis<\/strong><\/a><\/div>\n<\/div>\n","protected":false},"excerpt":{"rendered":"","protected":false},"author":1,"featured_media":0,"parent":32,"menu_order":3,"comment_status":"closed","ping_status":"closed","template":"","meta":{"_uag_custom_page_level_css":"","site-sidebar-layout":"default","site-content-layout":"default","ast-global-header-display":"","ast-main-header-display":"","ast-hfb-above-header-display":"","ast-hfb-below-header-display":"","ast-hfb-mobile-header-display":"","site-post-title":"disabled","ast-breadcrumbs-content":"","ast-featured-img":"","footer-sml-layout":"","theme-transparent-header-meta":"","adv-header-id-meta":"","stick-header-meta":"","header-above-stick-meta":"","header-main-stick-meta":"","header-below-stick-meta":"","_themeisle_gutenberg_block_has_review":false,"footnotes":""},"class_list":["post-45","page","type-page","status-publish","hentry"],"uagb_featured_image_src":{"full":false,"thumbnail":false,"medium":false,"medium_large":false,"large":false,"1536x1536":false,"2048x2048":false},"uagb_author_info":{"display_name":"admin8994","author_link":"https:\/\/scenedejeu.com\/index.php\/author\/admin8994\/"},"uagb_comment_info":0,"uagb_excerpt":null,"_links":{"self":[{"href":"https:\/\/scenedejeu.com\/index.php\/wp-json\/wp\/v2\/pages\/45","targetHints":{"allow":["GET"]}}],"collection":[{"href":"https:\/\/scenedejeu.com\/index.php\/wp-json\/wp\/v2\/pages"}],"about":[{"href":"https:\/\/scenedejeu.com\/index.php\/wp-json\/wp\/v2\/types\/page"}],"author":[{"embeddable":true,"href":"https:\/\/scenedejeu.com\/index.php\/wp-json\/wp\/v2\/users\/1"}],"replies":[{"embeddable":true,"href":"https:\/\/scenedejeu.com\/index.php\/wp-json\/wp\/v2\/comments?post=45"}],"version-history":[{"count":4,"href":"https:\/\/scenedejeu.com\/index.php\/wp-json\/wp\/v2\/pages\/45\/revisions"}],"predecessor-version":[{"id":2953,"href":"https:\/\/scenedejeu.com\/index.php\/wp-json\/wp\/v2\/pages\/45\/revisions\/2953"}],"up":[{"embeddable":true,"href":"https:\/\/scenedejeu.com\/index.php\/wp-json\/wp\/v2\/pages\/32"}],"wp:attachment":[{"href":"https:\/\/scenedejeu.com\/index.php\/wp-json\/wp\/v2\/media?parent=45"}],"curies":[{"name":"wp","href":"https:\/\/api.w.org\/{rel}","templated":true}]}}