{"id":47,"date":"2022-12-26T20:14:44","date_gmt":"2022-12-26T19:14:44","guid":{"rendered":"http:\/\/svkvmkc.cluster031.hosting.ovh.net\/?page_id=47"},"modified":"2023-03-06T23:35:05","modified_gmt":"2023-03-06T22:35:05","slug":"ou-est-passe-le-premier-ministre-mendoza","status":"publish","type":"page","link":"https:\/\/scenedejeu.com\/index.php\/jeux-denquete\/ou-est-passe-le-premier-ministre-mendoza\/","title":{"rendered":"O\u00f9 est pass\u00e9 le premier ministre Mendoza ?"},"content":{"rendered":"\n<div style=\"height:100px\" aria-hidden=\"true\" class=\"wp-block-spacer\"><\/div>\n\n\n\n<div class=\"wp-block-uagb-container uagb-block-b4ec3521 alignfull uagb-is-root-container\"><div class=\"uagb-container-inner-blocks-wrap\">\n<h1 class=\"has-text-align-center has-ffffff-background-color has-background wp-block-heading\">O\u00f9 est pass\u00e9 le premier ministre Mendoza ?<\/h1>\n<\/div><\/div>\n\n\n\n<div style=\"height:50px\" aria-hidden=\"true\" class=\"wp-block-spacer\"><\/div>\n\n\n\n<div class=\"wp-block-uagb-advanced-heading uagb-block-c0946d2d\"><div class=\"uagb-heading-text\"><em><em>Le Premier Ministre colombien dispara\u00eet myst\u00e9rieusement lors de sa venue \u00e0 Paris&#8230;<\/em><br><em>A voue de jouer pour r\u00e9soudre le myst\u00e8re !<\/em><\/em><\/div><\/div>\n\n\n\n<div class=\"wp-block-uagb-container uagb-block-3cba8255 alignfull uagb-is-root-container\"><div class=\"uagb-container-inner-blocks-wrap\">\n<div class=\"wp-block-uagb-container uagb-block-4add1593\">\n<h2 class=\"wp-block-heading\">L&rsquo;Histoire<\/h2>\n\n\n\n<p>Vous entrez dans une pi\u00e8ce lorsque deux hommes font irruption et bloquent la porte ! Ils sont poursuivis par la police qui les pense coupables de l\u2019enl\u00e8vement du Premier Ministre colombien, en visite officielle \u00e0 Paris. Ils sont venus se r\u00e9fugier dans vos locaux et ont tout verrouill\u00e9.<\/p>\n\n\n\n<p>Les deux personnages sont hyper nerveux. Dr\u00f4lement nerveux. L\u2019un est l\u2019agent de s\u00e9curit\u00e9 du Premier Ministre et l\u2019autre est l\u2019agent de s\u00e9curit\u00e9\u2026de l\u2019agent de s\u00e9curit\u00e9 !<\/p>\n\n\n\n<p>A vous de r\u00e9soudre le myst\u00e8re de l\u2019enl\u00e8vement du Premier Ministre Mendoza, et esp\u00e9rer sortir de la pi\u00e8ce avant l\u2019arriv\u00e9e de la police !<\/p>\n\n\n\n<h2 class=\"wp-block-heading\">L&rsquo;\u00e9quipe<\/h2>\n\n\n\n<p><strong>Casting : <\/strong>Benjamin Isel et Hadrien Berthaut<\/p>\n\n\n\n<p><strong>Auteurs : <\/strong>Benjamin Isel et Hadrien Berthaut<\/p>\n<\/div>\n\n\n\n<div class=\"wp-block-uagb-container uagb-block-a9522bbd\">\n<figure class=\"wp-block-image size-large is-resized\"><img loading=\"lazy\" decoding=\"async\" src=\"https:\/\/scenedejeu.com\/wp-content\/uploads\/2023\/03\/MENDOZA-1-2-683x1024.jpg\" alt=\"\" class=\"wp-image-2943\" width=\"503\" height=\"754\" srcset=\"https:\/\/scenedejeu.com\/wp-content\/uploads\/2023\/03\/MENDOZA-1-2-683x1024.jpg 683w, https:\/\/scenedejeu.com\/wp-content\/uploads\/2023\/03\/MENDOZA-1-2-200x300.jpg 200w, https:\/\/scenedejeu.com\/wp-content\/uploads\/2023\/03\/MENDOZA-1-2-768x1152.jpg 768w, https:\/\/scenedejeu.com\/wp-content\/uploads\/2023\/03\/MENDOZA-1-2-1024x1536.jpg 1024w, https:\/\/scenedejeu.com\/wp-content\/uploads\/2023\/03\/MENDOZA-1-2-1366x2048.jpg 1366w, https:\/\/scenedejeu.com\/wp-content\/uploads\/2023\/03\/MENDOZA-1-2-scaled.jpg 1707w\" sizes=\"auto, (max-width: 503px) 100vw, 503px\" \/><\/figure>\n<\/div>\n<\/div><\/div>\n\n\n\n<div class=\"wp-block-uagb-container uagb-block-b88d00dc alignfull uagb-is-root-container\"><div class=\"uagb-container-inner-blocks-wrap\">\n<div class=\"wp-block-uagb-container uagb-block-1cb274ef\">\n<h2 class=\"wp-block-heading\">POURQUOI CHOISIR CET ATELIER ?<\/h2>\n\n\n\n<p>Vous avez le go\u00fbt du d\u00e9fi ? Votre <strong>esprit d&rsquo;\u00e9quipe<\/strong> et votre <strong>sang froid<\/strong> seront vos plus grands atouts dans cette course contre la montre pour retrouver le Premier Ministre colombien !<\/p>\n\n\n\n<p>Embarquez dans une folle aventure en compagnie de deux gardes du corps d\u00e9jant\u00e9s !<\/p>\n<\/div>\n\n\n\n<div class=\"wp-block-uagb-container uagb-block-5d29afd7\">\n<h2 class=\"wp-block-heading\">Infos pratiques<\/h2>\n\n\n\n<ul class=\"wp-block-list\">\n<li><strong>Dur\u00e9e <\/strong>: de 1h \u00e0 1h30<\/li>\n\n\n\n<li><strong>\u00c2ge minimum <\/strong>: aucun<\/li>\n\n\n\n<li><strong>Genre <\/strong>: Humour \/ Escape Game<\/li>\n\n\n\n<li><strong>Nombre de joueurs<\/strong> : 4 \u00e0 10 joueurs par \u00e9quipe<\/li>\n\n\n\n<li><strong>Lieu <\/strong>: n&rsquo;importe quelle pi\u00e8ce avec une porte !<\/li>\n<\/ul>\n<\/div>\n<\/div><\/div>\n\n\n\n<div class=\"wp-block-uagb-container uagb-block-acf4a147 alignfull uagb-is-root-container\"><div class=\"uagb-container-inner-blocks-wrap\">\n<div style=\"height:50px\" aria-hidden=\"true\" class=\"wp-block-spacer\"><\/div>\n\n\n\n<div id=\"wp-block-themeisle-blocks-slider-5226a16d\" class=\"wp-block-themeisle-blocks-slider glide\" data-per-view=\"1\" data-gap=\"0\" data-peek=\"0\" data-autoplay=\"true\" data-height=\"400px\" data-hide-arrows=\"false\"><div class=\"glide__track\" data-glide-el=\"track\"><div class=\"glide__slides\"><div class=\"wp-block-themeisle-blocks-slider-item-wrapper glide__slide\" tabindex=\"0\"><figure><img decoding=\"async\" class=\"wp-block-themeisle-blocks-slider-item\" src=\"https:\/\/scenedejeu.com\/wp-content\/uploads\/2023\/03\/MENDOZA-4-scaled.jpg\" alt=\"\" title=\"\" data-id=\"2938\"\/><\/figure><\/div><div class=\"wp-block-themeisle-blocks-slider-item-wrapper glide__slide\" tabindex=\"0\"><figure><img decoding=\"async\" class=\"wp-block-themeisle-blocks-slider-item\" src=\"https:\/\/scenedejeu.com\/wp-content\/uploads\/2023\/03\/MENDOZA-2-scaled.jpg\" alt=\"\" title=\"\" data-id=\"2936\"\/><\/figure><\/div><\/div><div class=\"glide__bullets\" data-glide-el=\"controls[nav]\"><button class=\"glide__bullet\" data-glide-dir=\"=0\"><\/button><button class=\"glide__bullet\" data-glide-dir=\"=1\"><\/button><\/div><\/div><\/div>\n<\/div><\/div>\n\n\n\n<div style=\"height:50px\" aria-hidden=\"true\" class=\"wp-block-spacer\"><\/div>\n\n\n\n<div class=\"wp-block-buttons is-horizontal is-content-justification-center is-layout-flex wp-container-core-buttons-is-layout-03627597 wp-block-buttons-is-layout-flex\">\n<div class=\"wp-block-button has-custom-width wp-block-button__width-50 has-custom-font-size has-medium-font-size\"><a class=\"wp-block-button__link wp-element-button\" href=\"https:\/\/scenedejeu.com\/index.php\/contact\/#devis\" style=\"padding-top:var(--wp--preset--spacing--40);padding-right:var(--wp--preset--spacing--40);padding-bottom:var(--wp--preset--spacing--40);padding-left:var(--wp--preset--spacing--40)\"><strong>Demander un devis<\/strong><\/a><\/div>\n<\/div>\n","protected":false},"excerpt":{"rendered":"","protected":false},"author":1,"featured_media":0,"parent":32,"menu_order":2,"comment_status":"closed","ping_status":"closed","template":"","meta":{"_uag_custom_page_level_css":"","site-sidebar-layout":"default","site-content-layout":"default","ast-global-header-display":"","ast-main-header-display":"","ast-hfb-above-header-display":"","ast-hfb-below-header-display":"","ast-hfb-mobile-header-display":"","site-post-title":"disabled","ast-breadcrumbs-content":"","ast-featured-img":"","footer-sml-layout":"","theme-transparent-header-meta":"","adv-header-id-meta":"","stick-header-meta":"","header-above-stick-meta":"","header-main-stick-meta":"","header-below-stick-meta":"","_themeisle_gutenberg_block_has_review":false,"footnotes":""},"class_list":["post-47","page","type-page","status-publish","hentry"],"uagb_featured_image_src":{"full":false,"thumbnail":false,"medium":false,"medium_large":false,"large":false,"1536x1536":false,"2048x2048":false},"uagb_author_info":{"display_name":"admin8994","author_link":"https:\/\/scenedejeu.com\/index.php\/author\/admin8994\/"},"uagb_comment_info":0,"uagb_excerpt":null,"_links":{"self":[{"href":"https:\/\/scenedejeu.com\/index.php\/wp-json\/wp\/v2\/pages\/47","targetHints":{"allow":["GET"]}}],"collection":[{"href":"https:\/\/scenedejeu.com\/index.php\/wp-json\/wp\/v2\/pages"}],"about":[{"href":"https:\/\/scenedejeu.com\/index.php\/wp-json\/wp\/v2\/types\/page"}],"author":[{"embeddable":true,"href":"https:\/\/scenedejeu.com\/index.php\/wp-json\/wp\/v2\/users\/1"}],"replies":[{"embeddable":true,"href":"https:\/\/scenedejeu.com\/index.php\/wp-json\/wp\/v2\/comments?post=47"}],"version-history":[{"count":5,"href":"https:\/\/scenedejeu.com\/index.php\/wp-json\/wp\/v2\/pages\/47\/revisions"}],"predecessor-version":[{"id":2946,"href":"https:\/\/scenedejeu.com\/index.php\/wp-json\/wp\/v2\/pages\/47\/revisions\/2946"}],"up":[{"embeddable":true,"href":"https:\/\/scenedejeu.com\/index.php\/wp-json\/wp\/v2\/pages\/32"}],"wp:attachment":[{"href":"https:\/\/scenedejeu.com\/index.php\/wp-json\/wp\/v2\/media?parent=47"}],"curies":[{"name":"wp","href":"https:\/\/api.w.org\/{rel}","templated":true}]}}