{"id":49,"date":"2022-12-26T20:15:24","date_gmt":"2022-12-26T19:15:24","guid":{"rendered":"http:\/\/svkvmkc.cluster031.hosting.ovh.net\/?page_id=49"},"modified":"2023-03-29T11:42:05","modified_gmt":"2023-03-29T09:42:05","slug":"le-testament-de-mr-grosflouz","status":"publish","type":"page","link":"https:\/\/scenedejeu.com\/index.php\/jeux-denquete\/le-testament-de-mr-grosflouz\/","title":{"rendered":"Le Testament de Mr Grosflouz"},"content":{"rendered":"\n<div style=\"height:100px\" aria-hidden=\"true\" class=\"wp-block-spacer\"><\/div>\n\n\n\n<div class=\"wp-block-uagb-container uagb-block-c502407b alignfull uagb-is-root-container\"><div class=\"uagb-container-inner-blocks-wrap\">\n<h1 class=\"has-text-align-center has-ffffff-background-color has-background wp-block-heading\">Le Testament de Mr Grosflouz<\/h1>\n<\/div><\/div>\n\n\n\n<div style=\"height:50px\" aria-hidden=\"true\" class=\"wp-block-spacer\"><\/div>\n\n\n\n<div class=\"wp-block-uagb-advanced-heading uagb-block-23cd3dea\"><div class=\"uagb-heading-text\"><em><em><em><em>Une enqu\u00eate pas piqu\u00e9e des hannetons<\/em><\/em><\/em><\/em><\/div><\/div>\n\n\n\n<div class=\"wp-block-uagb-container uagb-block-e91e35e1 alignfull uagb-is-root-container\"><div class=\"uagb-container-inner-blocks-wrap\">\n<div class=\"wp-block-uagb-container uagb-block-c7a68a7d\">\n<h2 class=\"wp-block-heading\">L&rsquo;Histoire<\/h2>\n\n\n\n<p>Monsieur Grosflouz, un richissime entrepreneur, est retrouv\u00e9 mort un revolver \u00e0 la main dans la chambre de son manoir. Le brigadier Guillaume Carton et le lieutenant Anthony Trouillet sont d\u00e9p\u00each\u00e9s sur place afin de confirmer le suicide de M. Grosflouz. Un suicide ? Ce serait trop simple ! L&rsquo;avocat de la famille pr\u00e9sente aux policiers l&rsquo;acte testamentaire qui risque de compliquer l&rsquo;affaire\u2026<\/p>\n\n\n\n<h2 class=\"wp-block-heading\">L&rsquo;\u00e9quipe<\/h2>\n\n\n\n<p><strong>Casting : <\/strong>Benjamin Isel et Hadrien Berthaut<\/p>\n\n\n\n<p><strong>Auteurs : <\/strong>Benjamin Isel et Hadrien Berthaut<\/p>\n<\/div>\n\n\n\n<div class=\"wp-block-uagb-container uagb-block-4d858546\">\n<figure class=\"wp-block-image size-large is-resized\"><img loading=\"lazy\" decoding=\"async\" src=\"https:\/\/scenedejeu.com\/wp-content\/uploads\/2023\/03\/GROSFLOUZ-1-675x1024.jpg\" alt=\"\" class=\"wp-image-2955\" width=\"370\" height=\"561\" srcset=\"https:\/\/scenedejeu.com\/wp-content\/uploads\/2023\/03\/GROSFLOUZ-1-675x1024.jpg 675w, https:\/\/scenedejeu.com\/wp-content\/uploads\/2023\/03\/GROSFLOUZ-1-198x300.jpg 198w, https:\/\/scenedejeu.com\/wp-content\/uploads\/2023\/03\/GROSFLOUZ-1-768x1165.jpg 768w, https:\/\/scenedejeu.com\/wp-content\/uploads\/2023\/03\/GROSFLOUZ-1-1013x1536.jpg 1013w, https:\/\/scenedejeu.com\/wp-content\/uploads\/2023\/03\/GROSFLOUZ-1-1350x2048.jpg 1350w, https:\/\/scenedejeu.com\/wp-content\/uploads\/2023\/03\/GROSFLOUZ-1-scaled.jpg 1688w\" sizes=\"auto, (max-width: 370px) 100vw, 370px\" \/><\/figure>\n<\/div>\n<\/div><\/div>\n\n\n\n<div class=\"wp-block-uagb-container uagb-block-a7b9650d alignfull uagb-is-root-container\"><div class=\"uagb-container-inner-blocks-wrap\">\n<div class=\"wp-block-uagb-container uagb-block-d0c9fb66\">\n<h2 class=\"wp-block-heading\">POURQUOI CHOISIR CET ATELIER ?<\/h2>\n\n\n\n<p>Vous serez mis \u00e0 contribution en interrogeant vous m\u00eame les suspects et en mettant \u00e0 jour les indices qui peuvent se cacher sous vos yeux ! Rappelez vous : la ch\u00e8vre marche en s\u00e9curit\u00e9 dans son champ, mais les radis ne fondent pas dans la bouche\u2026 Bonne chance !<\/p>\n<\/div>\n\n\n\n<div class=\"wp-block-uagb-container uagb-block-3d166b5e\">\n<h2 class=\"wp-block-heading\">Infos pratiques<\/h2>\n\n\n\n<ul class=\"wp-block-list\">\n<li><strong>Dur\u00e9e <\/strong>: 1h environ<\/li>\n\n\n\n<li><strong>\u00c2ge minimum <\/strong>: 10 ans<\/li>\n\n\n\n<li><strong>Genre <\/strong>: policier<\/li>\n\n\n\n<li><strong>Nombre de joueurs<\/strong> : libre<\/li>\n\n\n\n<li><strong>Lieu <\/strong>: libre<\/li>\n<\/ul>\n<\/div>\n<\/div><\/div>\n\n\n\n<div class=\"wp-block-uagb-container uagb-block-800fb2fa alignfull uagb-is-root-container\"><div class=\"uagb-container-inner-blocks-wrap\">\n<div style=\"height:50px\" aria-hidden=\"true\" class=\"wp-block-spacer\"><\/div>\n\n\n\n<div id=\"wp-block-themeisle-blocks-slider-5226a16d\" class=\"wp-block-themeisle-blocks-slider glide\" data-per-view=\"1\" data-gap=\"0\" data-peek=\"0\" data-autoplay=\"true\" data-height=\"400px\" data-hide-arrows=\"false\"><div class=\"glide__track\" data-glide-el=\"track\"><div class=\"glide__slides\"><div class=\"wp-block-themeisle-blocks-slider-item-wrapper glide__slide\" tabindex=\"0\"><figure><img decoding=\"async\" class=\"wp-block-themeisle-blocks-slider-item\" src=\"https:\/\/scenedejeu.com\/wp-content\/uploads\/2023\/03\/GROSFLOUZ-4-scaled.jpg\" alt=\"\" title=\"\" data-id=\"2957\"\/><\/figure><\/div><div class=\"wp-block-themeisle-blocks-slider-item-wrapper glide__slide\" tabindex=\"0\"><figure><img decoding=\"async\" class=\"wp-block-themeisle-blocks-slider-item\" src=\"https:\/\/scenedejeu.com\/wp-content\/uploads\/2023\/03\/GROSFLOUZ-2-scaled.jpg\" alt=\"\" title=\"\" data-id=\"2958\"\/><\/figure><\/div><\/div><div class=\"glide__bullets\" data-glide-el=\"controls[nav]\"><button class=\"glide__bullet\" data-glide-dir=\"=0\"><\/button><button class=\"glide__bullet\" data-glide-dir=\"=1\"><\/button><\/div><\/div><\/div>\n<\/div><\/div>\n\n\n\n<div style=\"height:50px\" aria-hidden=\"true\" class=\"wp-block-spacer\"><\/div>\n\n\n\n<div class=\"wp-block-buttons is-horizontal is-content-justification-center is-layout-flex wp-container-core-buttons-is-layout-03627597 wp-block-buttons-is-layout-flex\">\n<div class=\"wp-block-button has-custom-width wp-block-button__width-50 has-custom-font-size has-medium-font-size\"><a class=\"wp-block-button__link wp-element-button\" href=\"https:\/\/scenedejeu.com\/index.php\/contact\/#devis\" style=\"padding-top:var(--wp--preset--spacing--40);padding-right:var(--wp--preset--spacing--40);padding-bottom:var(--wp--preset--spacing--40);padding-left:var(--wp--preset--spacing--40)\"><strong>Demander un devis<\/strong><\/a><\/div>\n<\/div>\n","protected":false},"excerpt":{"rendered":"","protected":false},"author":1,"featured_media":0,"parent":32,"menu_order":4,"comment_status":"closed","ping_status":"closed","template":"","meta":{"_uag_custom_page_level_css":"","site-sidebar-layout":"default","site-content-layout":"default","ast-global-header-display":"","ast-main-header-display":"","ast-hfb-above-header-display":"","ast-hfb-below-header-display":"","ast-hfb-mobile-header-display":"","site-post-title":"disabled","ast-breadcrumbs-content":"","ast-featured-img":"","footer-sml-layout":"","theme-transparent-header-meta":"","adv-header-id-meta":"","stick-header-meta":"","header-above-stick-meta":"","header-main-stick-meta":"","header-below-stick-meta":"","_themeisle_gutenberg_block_has_review":false,"footnotes":""},"class_list":["post-49","page","type-page","status-publish","hentry"],"uagb_featured_image_src":{"full":false,"thumbnail":false,"medium":false,"medium_large":false,"large":false,"1536x1536":false,"2048x2048":false},"uagb_author_info":{"display_name":"admin8994","author_link":"https:\/\/scenedejeu.com\/index.php\/author\/admin8994\/"},"uagb_comment_info":0,"uagb_excerpt":null,"_links":{"self":[{"href":"https:\/\/scenedejeu.com\/index.php\/wp-json\/wp\/v2\/pages\/49","targetHints":{"allow":["GET"]}}],"collection":[{"href":"https:\/\/scenedejeu.com\/index.php\/wp-json\/wp\/v2\/pages"}],"about":[{"href":"https:\/\/scenedejeu.com\/index.php\/wp-json\/wp\/v2\/types\/page"}],"author":[{"embeddable":true,"href":"https:\/\/scenedejeu.com\/index.php\/wp-json\/wp\/v2\/users\/1"}],"replies":[{"embeddable":true,"href":"https:\/\/scenedejeu.com\/index.php\/wp-json\/wp\/v2\/comments?post=49"}],"version-history":[{"count":6,"href":"https:\/\/scenedejeu.com\/index.php\/wp-json\/wp\/v2\/pages\/49\/revisions"}],"predecessor-version":[{"id":3029,"href":"https:\/\/scenedejeu.com\/index.php\/wp-json\/wp\/v2\/pages\/49\/revisions\/3029"}],"up":[{"embeddable":true,"href":"https:\/\/scenedejeu.com\/index.php\/wp-json\/wp\/v2\/pages\/32"}],"wp:attachment":[{"href":"https:\/\/scenedejeu.com\/index.php\/wp-json\/wp\/v2\/media?parent=49"}],"curies":[{"name":"wp","href":"https:\/\/api.w.org\/{rel}","templated":true}]}}