{"id":57,"date":"2022-12-26T20:17:22","date_gmt":"2022-12-26T19:17:22","guid":{"rendered":"http:\/\/svkvmkc.cluster031.hosting.ovh.net\/?page_id=57"},"modified":"2023-03-06T22:37:03","modified_gmt":"2023-03-06T21:37:03","slug":"ateliers-burlesques","status":"publish","type":"page","link":"https:\/\/scenedejeu.com\/index.php\/ateliers-et-stages-theatre\/ateliers-burlesques\/","title":{"rendered":"Ateliers burlesques"},"content":{"rendered":"\n<div style=\"height:100px\" aria-hidden=\"true\" class=\"wp-block-spacer\"><\/div>\n\n\n\n<div class=\"wp-block-uagb-container uagb-block-f3319f41 alignfull uagb-is-root-container\"><div class=\"uagb-container-inner-blocks-wrap\">\n<h1 class=\"has-text-align-center has-ffffff-background-color has-background wp-block-heading\">Ateliers burlesques<\/h1>\n<\/div><\/div>\n\n\n\n<div style=\"height:50px\" aria-hidden=\"true\" class=\"wp-block-spacer\"><\/div>\n\n\n\n<div class=\"wp-block-uagb-container uagb-block-eaf1e687 alignfull uagb-is-root-container\"><div class=\"uagb-container-inner-blocks-wrap\">\n<div class=\"wp-block-uagb-container uagb-block-147377ff\">\n<h2 class=\"wp-block-heading\">L&rsquo;ATELIER<\/h2>\n\n\n\n<p><strong>Qu\u2019est-ce que le burlesque ?<\/strong><strong><\/strong><\/p>\n\n\n\n<p>Consid\u00e9r\u00e9 dans le sens am\u00e9ricain du terme, le burlesque est un divertissement m\u00ealant cabaret coquin et com\u00e9die l\u00e9g\u00e8re qui connut ses heures de gloire \u00e0 la fin du XIX\u00e8me si\u00e8cle dans les cabarets parisiens puis aux Etats-Unis jusqu\u2019aux ann\u00e9es 60 avec l\u2019\u00e2ge d\u2019or Hollywoodien puis le r\u00e8gne de la pin-up. Spectacle d\u2019effeuillage avant tout, il met en sc\u00e8ne des femmes et des hommes jouant de leurs formes avec glamour et second degr\u00e9.<\/p>\n\n\n\n<p>L\u2019atelier propos\u00e9 ici propose la compr\u00e9hension de chaque partie du corps pour transmettre une \u00e9motion et comment travailler son corps pour mieux exprimer ses \u00e9motions. Travail d\u2019expressions, visage dans le contexte burlesque, ubuesque, grotesque (utilisation du contre-emploi).<\/p>\n\n\n\n<p>Possibilit\u00e9 de French Cancan.<\/p>\n<\/div>\n\n\n\n<div class=\"wp-block-uagb-container uagb-block-78a928e9\">\n<ul class=\"has-black-background-color has-background wp-block-list\">\n<li>burlesque<\/li>\n\n\n\n<li>sc\u00e8ne<\/li>\n\n\n\n<li>confiance<\/li>\n\n\n\n<li>second degr\u00e9<\/li>\n\n\n\n<li>corps<\/li>\n\n\n\n<li>acceptation<\/li>\n\n\n\n<li>ados<\/li>\n\n\n\n<li>adultes<\/li>\n\n\n\n<li>l\u00e2cher prise<\/li>\n<\/ul>\n<\/div>\n<\/div><\/div>\n\n\n\t\t\t\t\t<div\n\t\t\t\t\t\tclass=\"wp-block-uagb-image-gallery uagb-block-c855ad0d     \"\n\t\t\t\t\t\tstyle=\"\"\n\t\t\t\t\t>\n\t\t\t\t\t\t\t\t\t\t\t<div class=\"spectra-image-gallery spectra-image-gallery__layout--masonry spectra-image-gallery__layout--masonry-col-2 spectra-image-gallery__layout--masonry-col-tab-2 spectra-image-gallery__layout--masonry-col-mob-2\">\n\t\t\t\t\t\t\t\t\t\t\t<div class='spectra-image-gallery__media-wrapper--isotope'>\n\t\t\t\t\t\t\t<div class='spectra-image-gallery__media-wrapper' data-spectra-gallery-image-id='2767'>\n\t\t\t\t\t\t\t<div class=\"spectra-image-gallery__media spectra-image-gallery__media--masonry\">\n\t\t\t\t<picture>\n\t\t\t\t\t<source media=\"(min-width: 1024px)\" srcset=\"https:\/\/scenedejeu.com\/wp-content\/uploads\/2023\/03\/BURLESQUE-3-1-683x1024.jpg\">\n\t\t\t\t\t<source media=\"(min-width: 768px)\" srcset=\"https:\/\/scenedejeu.com\/wp-content\/uploads\/2023\/03\/BURLESQUE-3-1-683x1024.jpg\">\n\t\t\t\t\t<img decoding=\"async\" class=\"spectra-image-gallery__media-thumbnail spectra-image-gallery__media-thumbnail--masonry\" src=\"https:\/\/scenedejeu.com\/wp-content\/uploads\/2023\/03\/BURLESQUE-3-1-200x300.jpg\" alt=\"\" loading=\"lazy\" \/>\n\t\t\t\t<\/picture>\n\t\t\t\t<div class=\"spectra-image-gallery__media-thumbnail-blurrer\"><\/div>\n\t\t\t\t\t\t\t\t\t\t\t<div class=\"spectra-image-gallery__media-thumbnail-caption-wrapper spectra-image-gallery__media-thumbnail-caption-wrapper--overlay\"><\/div>\n\t\t\t\t\t\t\t\t<\/div>\n\t\t\t\t\t\t<\/div>\n\t\t\t\t\t\t<\/div>\n\t\t\t\t\t\t<div class='spectra-image-gallery__media-wrapper--isotope'>\n\t\t\t\t\t\t\t<div class='spectra-image-gallery__media-wrapper' data-spectra-gallery-image-id='2768'>\n\t\t\t\t\t\t\t<div class=\"spectra-image-gallery__media spectra-image-gallery__media--masonry\">\n\t\t\t\t<picture>\n\t\t\t\t\t<source media=\"(min-width: 1024px)\" srcset=\"https:\/\/scenedejeu.com\/wp-content\/uploads\/2023\/03\/BURLESQUE-2-1-683x1024.jpg\">\n\t\t\t\t\t<source media=\"(min-width: 768px)\" srcset=\"https:\/\/scenedejeu.com\/wp-content\/uploads\/2023\/03\/BURLESQUE-2-1-683x1024.jpg\">\n\t\t\t\t\t<img decoding=\"async\" class=\"spectra-image-gallery__media-thumbnail spectra-image-gallery__media-thumbnail--masonry\" src=\"https:\/\/scenedejeu.com\/wp-content\/uploads\/2023\/03\/BURLESQUE-2-1-200x300.jpg\" alt=\"\" loading=\"lazy\" \/>\n\t\t\t\t<\/picture>\n\t\t\t\t<div class=\"spectra-image-gallery__media-thumbnail-blurrer\"><\/div>\n\t\t\t\t\t\t\t\t\t\t\t<div class=\"spectra-image-gallery__media-thumbnail-caption-wrapper spectra-image-gallery__media-thumbnail-caption-wrapper--overlay\"><\/div>\n\t\t\t\t\t\t\t\t<\/div>\n\t\t\t\t\t\t<\/div>\n\t\t\t\t\t\t<\/div>\n\t\t\t\t\t\t\t\t\t\t<\/div>\n\t\t\t\t\t\t\t\t\t\t\t\t\t\t\t\t\t\t<\/div>\n\t\t\t\t\t\t\t\t\t\n\n\n<div style=\"height:50px\" aria-hidden=\"true\" class=\"wp-block-spacer\"><\/div>\n\n\n\n<div class=\"wp-block-uagb-container uagb-block-859262ba alignfull uagb-is-root-container\"><div class=\"uagb-container-inner-blocks-wrap\">\n<div class=\"wp-block-uagb-container uagb-block-4ca2ec4c\">\n<h2 class=\"wp-block-heading\">POURQUOI CHOISIR CET ATELIER ?<\/h2>\n\n\n\n<p>La pratique burlesque permet le travail \u00e0 la fois de la coh\u00e9sion d\u2019\u00e9quipe, du l\u00e2cher prise et de la confiance en soi, \u00e0 travers une activit\u00e9 artistique ludique et positive.<\/p>\n<\/div>\n<\/div><\/div>\n\n\n\n<div class=\"wp-block-uagb-container uagb-block-5e02963b alignfull uagb-is-root-container\"><div class=\"uagb-container-inner-blocks-wrap\">\n<div class=\"wp-block-uagb-container uagb-block-4e70e0cb\">\n<h2 class=\"wp-block-heading\">LES INTERVENANTS<\/h2>\n\n\n\n<p>Une \u00e9quipe de com\u00e9dien.ne.s professionnel.le.s pour vous accompagner.<\/p>\n<\/div>\n<\/div><\/div>\n\n\n\n<div class=\"wp-block-uagb-container uagb-block-2d7d3e5b alignfull uagb-is-root-container\"><div class=\"uagb-container-inner-blocks-wrap\">\n<div class=\"wp-block-carousel-slider-slider\"><div class=\"carousel-slider-outer carousel-slider-outer-image-carousel carousel-slider-outer-2807\" style=\"--carousel-slider-nav-color:#f1f1f1;--carousel-slider-active-nav-color:rgb(251,227,76);--carousel-slider-arrow-size:48px;--carousel-slider-bullet-size:30px\">\n<div id=\"&#039;id-2807\" class=\"carousel-slider carousel-slider-2807 arrows-visibility-hover dots-visibility-always arrows-outside dots-center dots-circle owl-carousel\" data-slide-type=\"image-carousel\" data-owl-settings='{\"nav\":true,\"dots\":true,\"slideBy\":1,\"stagePadding\":0,\"margin\":10,\"loop\":true,\"lazyLoad\":false,\"autoplay\":true,\"autoplayTimeout\":5000,\"autoplaySpeed\":500,\"autoplayHoverPause\":true,\"autoWidth\":false,\"responsive\":{\"300\":{\"items\":1},\"576\":{\"items\":2},\"768\":{\"items\":2},\"1024\":{\"items\":3},\"1280\":{\"items\":3},\"1536\":{\"items\":3}}}'>\n<div class=\"carousel-slider__item\">\n\t<a class=\"magnific-popup\" href=\"https:\/\/scenedejeu.com\/wp-content\/uploads\/2023\/02\/BerthautHadrien2.jpg\" data-width=\"400\" data-height=\"600\"><img loading=\"lazy\" decoding=\"async\" width=\"400\" height=\"600\" src=\"https:\/\/scenedejeu.com\/wp-content\/uploads\/2023\/02\/BerthautHadrien2.jpg\" class=\"attachment-medium_large size-medium_large\" alt=\"\" srcset=\"https:\/\/scenedejeu.com\/wp-content\/uploads\/2023\/02\/BerthautHadrien2.jpg 400w, https:\/\/scenedejeu.com\/wp-content\/uploads\/2023\/02\/BerthautHadrien2-200x300.jpg 200w\" sizes=\"auto, (max-width: 400px) 100vw, 400px\" \/><div class=\"carousel-slider__caption\"><p class=\"caption\">Hadrien Berhaut<\/p><\/div><\/a><\/div>\n\n<div class=\"carousel-slider__item\">\n\t<a class=\"magnific-popup\" href=\"https:\/\/scenedejeu.com\/wp-content\/uploads\/2023\/02\/Benjamin-Isel.jpg\" data-width=\"684\" data-height=\"1000\"><img loading=\"lazy\" decoding=\"async\" width=\"684\" height=\"1000\" src=\"https:\/\/scenedejeu.com\/wp-content\/uploads\/2023\/02\/Benjamin-Isel.jpg\" class=\"attachment-medium_large size-medium_large\" alt=\"\" srcset=\"https:\/\/scenedejeu.com\/wp-content\/uploads\/2023\/02\/Benjamin-Isel.jpg 684w, https:\/\/scenedejeu.com\/wp-content\/uploads\/2023\/02\/Benjamin-Isel-205x300.jpg 205w\" sizes=\"auto, (max-width: 684px) 100vw, 684px\" \/><div class=\"carousel-slider__caption\"><p class=\"caption\">Benjamin Isel<\/p><\/div><\/a><\/div>\n\n<div class=\"carousel-slider__item\">\n\t<a class=\"magnific-popup\" href=\"https:\/\/scenedejeu.com\/wp-content\/uploads\/2023\/02\/marc_tourneboeuf-1.jpg\" data-width=\"1136\" data-height=\"1706\"><img loading=\"lazy\" decoding=\"async\" width=\"768\" height=\"1153\" src=\"https:\/\/scenedejeu.com\/wp-content\/uploads\/2023\/02\/marc_tourneboeuf-1-768x1153.jpg\" class=\"attachment-medium_large size-medium_large\" alt=\"\" srcset=\"https:\/\/scenedejeu.com\/wp-content\/uploads\/2023\/02\/marc_tourneboeuf-1-768x1153.jpg 768w, https:\/\/scenedejeu.com\/wp-content\/uploads\/2023\/02\/marc_tourneboeuf-1-200x300.jpg 200w, https:\/\/scenedejeu.com\/wp-content\/uploads\/2023\/02\/marc_tourneboeuf-1-682x1024.jpg 682w, https:\/\/scenedejeu.com\/wp-content\/uploads\/2023\/02\/marc_tourneboeuf-1-1023x1536.jpg 1023w, https:\/\/scenedejeu.com\/wp-content\/uploads\/2023\/02\/marc_tourneboeuf-1.jpg 1136w\" sizes=\"auto, (max-width: 768px) 100vw, 768px\" \/><div class=\"carousel-slider__caption\"><p class=\"caption\">Marc Tourneboeuf<\/p><\/div><\/a><\/div>\n\n<div class=\"carousel-slider__item\">\n\t<a class=\"magnific-popup\" href=\"https:\/\/scenedejeu.com\/wp-content\/uploads\/2023\/03\/theo-askolovitch.jpeg\" data-width=\"667\" data-height=\"1000\"><img loading=\"lazy\" decoding=\"async\" width=\"667\" height=\"1000\" src=\"https:\/\/scenedejeu.com\/wp-content\/uploads\/2023\/03\/theo-askolovitch.jpeg\" class=\"attachment-medium_large size-medium_large\" alt=\"\" srcset=\"https:\/\/scenedejeu.com\/wp-content\/uploads\/2023\/03\/theo-askolovitch.jpeg 667w, https:\/\/scenedejeu.com\/wp-content\/uploads\/2023\/03\/theo-askolovitch-200x300.jpeg 200w\" sizes=\"auto, (max-width: 667px) 100vw, 667px\" \/><div class=\"carousel-slider__caption\"><p class=\"caption\">Th\u00e9o Askolovitch<\/p><\/div><\/a><\/div>\n\n<div class=\"carousel-slider__item\">\n\t<a class=\"magnific-popup\" href=\"https:\/\/scenedejeu.com\/wp-content\/uploads\/2023\/03\/Alix-Andreani.jpg\" data-width=\"1365\" data-height=\"2048\"><img loading=\"lazy\" decoding=\"async\" width=\"768\" height=\"1152\" src=\"https:\/\/scenedejeu.com\/wp-content\/uploads\/2023\/03\/Alix-Andreani-768x1152.jpg\" class=\"attachment-medium_large size-medium_large\" alt=\"\" srcset=\"https:\/\/scenedejeu.com\/wp-content\/uploads\/2023\/03\/Alix-Andreani-768x1152.jpg 768w, https:\/\/scenedejeu.com\/wp-content\/uploads\/2023\/03\/Alix-Andreani-200x300.jpg 200w, https:\/\/scenedejeu.com\/wp-content\/uploads\/2023\/03\/Alix-Andreani-683x1024.jpg 683w, https:\/\/scenedejeu.com\/wp-content\/uploads\/2023\/03\/Alix-Andreani-1024x1536.jpg 1024w, https:\/\/scenedejeu.com\/wp-content\/uploads\/2023\/03\/Alix-Andreani.jpg 1365w\" sizes=\"auto, (max-width: 768px) 100vw, 768px\" \/><div class=\"carousel-slider__caption\"><p class=\"caption\">Alix Andreani<\/p><\/div><\/a><\/div>\n\n<div class=\"carousel-slider__item\">\n\t<a class=\"magnific-popup\" href=\"https:\/\/scenedejeu.com\/wp-content\/uploads\/2023\/03\/agnes-chamak.jpeg\" data-width=\"877\" data-height=\"1000\"><img loading=\"lazy\" decoding=\"async\" width=\"768\" height=\"876\" src=\"https:\/\/scenedejeu.com\/wp-content\/uploads\/2023\/03\/agnes-chamak-768x876.jpeg\" class=\"attachment-medium_large size-medium_large\" alt=\"\" srcset=\"https:\/\/scenedejeu.com\/wp-content\/uploads\/2023\/03\/agnes-chamak-768x876.jpeg 768w, https:\/\/scenedejeu.com\/wp-content\/uploads\/2023\/03\/agnes-chamak-263x300.jpeg 263w, https:\/\/scenedejeu.com\/wp-content\/uploads\/2023\/03\/agnes-chamak.jpeg 877w\" sizes=\"auto, (max-width: 768px) 100vw, 768px\" \/><div class=\"carousel-slider__caption\"><p class=\"caption\">Agnes Chamak<\/p><\/div><\/a><\/div>\n\n<div class=\"carousel-slider__item\">\n\t<a class=\"magnific-popup\" href=\"https:\/\/scenedejeu.com\/wp-content\/uploads\/2023\/03\/samuel.yagoubi.jpg\" data-width=\"600\" data-height=\"800\"><img loading=\"lazy\" decoding=\"async\" width=\"600\" height=\"800\" src=\"https:\/\/scenedejeu.com\/wp-content\/uploads\/2023\/03\/samuel.yagoubi.jpg\" class=\"attachment-medium_large size-medium_large\" alt=\"\" srcset=\"https:\/\/scenedejeu.com\/wp-content\/uploads\/2023\/03\/samuel.yagoubi.jpg 600w, https:\/\/scenedejeu.com\/wp-content\/uploads\/2023\/03\/samuel.yagoubi-225x300.jpg 225w\" sizes=\"auto, (max-width: 600px) 100vw, 600px\" \/><div class=\"carousel-slider__caption\"><p class=\"caption\">Samuel Yagoubi<\/p><\/div><\/a><\/div>\n\n<div class=\"carousel-slider__item\">\n\t<a class=\"magnific-popup\" href=\"https:\/\/scenedejeu.com\/wp-content\/uploads\/2023\/03\/ARTHUR-GOMEZ.jpeg\" data-width=\"1600\" data-height=\"1069\"><img loading=\"lazy\" decoding=\"async\" width=\"768\" height=\"513\" src=\"https:\/\/scenedejeu.com\/wp-content\/uploads\/2023\/03\/ARTHUR-GOMEZ-768x513.jpeg\" class=\"attachment-medium_large size-medium_large\" alt=\"\" srcset=\"https:\/\/scenedejeu.com\/wp-content\/uploads\/2023\/03\/ARTHUR-GOMEZ-768x513.jpeg 768w, https:\/\/scenedejeu.com\/wp-content\/uploads\/2023\/03\/ARTHUR-GOMEZ-300x200.jpeg 300w, https:\/\/scenedejeu.com\/wp-content\/uploads\/2023\/03\/ARTHUR-GOMEZ-1024x684.jpeg 1024w, https:\/\/scenedejeu.com\/wp-content\/uploads\/2023\/03\/ARTHUR-GOMEZ-1536x1026.jpeg 1536w, https:\/\/scenedejeu.com\/wp-content\/uploads\/2023\/03\/ARTHUR-GOMEZ.jpeg 1600w\" sizes=\"auto, (max-width: 768px) 100vw, 768px\" \/><div class=\"carousel-slider__caption\"><p class=\"caption\">Arthur Gomez<\/p><\/div><\/a><\/div>\n\n<div class=\"carousel-slider__item\">\n\t<a class=\"magnific-popup\" href=\"https:\/\/scenedejeu.com\/wp-content\/uploads\/2023\/03\/Tigran-portrait.jpeg\" data-width=\"1000\" data-height=\"1000\"><img loading=\"lazy\" decoding=\"async\" width=\"768\" height=\"768\" src=\"https:\/\/scenedejeu.com\/wp-content\/uploads\/2023\/03\/Tigran-portrait-768x768.jpeg\" class=\"attachment-medium_large size-medium_large\" alt=\"\" srcset=\"https:\/\/scenedejeu.com\/wp-content\/uploads\/2023\/03\/Tigran-portrait-768x768.jpeg 768w, https:\/\/scenedejeu.com\/wp-content\/uploads\/2023\/03\/Tigran-portrait-300x300.jpeg 300w, https:\/\/scenedejeu.com\/wp-content\/uploads\/2023\/03\/Tigran-portrait-150x150.jpeg 150w, https:\/\/scenedejeu.com\/wp-content\/uploads\/2023\/03\/Tigran-portrait.jpeg 1000w\" sizes=\"auto, (max-width: 768px) 100vw, 768px\" \/><div class=\"carousel-slider__caption\"><p class=\"caption\">Tigran Mekhitarian<\/p><\/div><\/a><\/div>\n\n<\/div><!-- .carousel-slider-2807 -->\n<\/div><!-- .carousel-slider-outer-2807 -->\n<\/div>\n<\/div><\/div>\n\n\n\n<div style=\"height:50px\" aria-hidden=\"true\" class=\"wp-block-spacer\"><\/div>\n\n\n\n<div class=\"wp-block-uagb-container uagb-block-413e151a alignfull uagb-is-root-container\"><div class=\"uagb-container-inner-blocks-wrap\">\n<h2 class=\"wp-block-heading\">INFORMATIONS PRATIQUES<\/h2>\n\n\n\n<ul class=\"wp-block-list\">\n<li><strong>Dur\u00e9e<\/strong>: au choix<\/li>\n\n\n\n<li><strong>Age minimum<\/strong>: 15 ans<\/li>\n\n\n\n<li><strong>Nombre de participants<\/strong>: libre<\/li>\n\n\n\n<li><strong>Lieu<\/strong>: salle de spectacle privatis\u00e9e, locaux \u00e0 disposition, ext\u00e9rieur<\/li>\n<\/ul>\n\n\n\n<div class=\"wp-block-uagb-container uagb-block-eb3eff87\">\n<div class=\"wp-block-buttons is-horizontal is-content-justification-center is-layout-flex wp-container-core-buttons-is-layout-03627597 wp-block-buttons-is-layout-flex\">\n<div class=\"wp-block-button has-custom-width wp-block-button__width-50 has-custom-font-size has-medium-font-size\"><a class=\"wp-block-button__link wp-element-button\" href=\"https:\/\/scenedejeu.com\/index.php\/contact\/#devis\" style=\"padding-top:var(--wp--preset--spacing--40);padding-right:var(--wp--preset--spacing--40);padding-bottom:var(--wp--preset--spacing--40);padding-left:var(--wp--preset--spacing--40)\"><strong>Demander un devis<\/strong><\/a><\/div>\n<\/div>\n<\/div>\n<\/div><\/div>\n","protected":false},"excerpt":{"rendered":"","protected":false},"author":1,"featured_media":0,"parent":27,"menu_order":2,"comment_status":"closed","ping_status":"closed","template":"","meta":{"_uag_custom_page_level_css":"","site-sidebar-layout":"default","site-content-layout":"default","ast-global-header-display":"","ast-main-header-display":"","ast-hfb-above-header-display":"","ast-hfb-below-header-display":"","ast-hfb-mobile-header-display":"","site-post-title":"disabled","ast-breadcrumbs-content":"","ast-featured-img":"","footer-sml-layout":"","theme-transparent-header-meta":"","adv-header-id-meta":"","stick-header-meta":"","header-above-stick-meta":"","header-main-stick-meta":"","header-below-stick-meta":"","_themeisle_gutenberg_block_has_review":false,"footnotes":""},"class_list":["post-57","page","type-page","status-publish","hentry"],"uagb_featured_image_src":{"full":false,"thumbnail":false,"medium":false,"medium_large":false,"large":false,"1536x1536":false,"2048x2048":false},"uagb_author_info":{"display_name":"admin8994","author_link":"https:\/\/scenedejeu.com\/index.php\/author\/admin8994\/"},"uagb_comment_info":0,"uagb_excerpt":null,"_links":{"self":[{"href":"https:\/\/scenedejeu.com\/index.php\/wp-json\/wp\/v2\/pages\/57","targetHints":{"allow":["GET"]}}],"collection":[{"href":"https:\/\/scenedejeu.com\/index.php\/wp-json\/wp\/v2\/pages"}],"about":[{"href":"https:\/\/scenedejeu.com\/index.php\/wp-json\/wp\/v2\/types\/page"}],"author":[{"embeddable":true,"href":"https:\/\/scenedejeu.com\/index.php\/wp-json\/wp\/v2\/users\/1"}],"replies":[{"embeddable":true,"href":"https:\/\/scenedejeu.com\/index.php\/wp-json\/wp\/v2\/comments?post=57"}],"version-history":[{"count":5,"href":"https:\/\/scenedejeu.com\/index.php\/wp-json\/wp\/v2\/pages\/57\/revisions"}],"predecessor-version":[{"id":2901,"href":"https:\/\/scenedejeu.com\/index.php\/wp-json\/wp\/v2\/pages\/57\/revisions\/2901"}],"up":[{"embeddable":true,"href":"https:\/\/scenedejeu.com\/index.php\/wp-json\/wp\/v2\/pages\/27"}],"wp:attachment":[{"href":"https:\/\/scenedejeu.com\/index.php\/wp-json\/wp\/v2\/media?parent=57"}],"curies":[{"name":"wp","href":"https:\/\/api.w.org\/{rel}","templated":true}]}}