{"id":67,"date":"2022-12-26T20:19:05","date_gmt":"2022-12-26T19:19:05","guid":{"rendered":"http:\/\/svkvmkc.cluster031.hosting.ovh.net\/?page_id=67"},"modified":"2023-05-02T21:50:42","modified_gmt":"2023-05-02T19:50:42","slug":"spectacles-enfants","status":"publish","type":"page","link":"https:\/\/scenedejeu.com\/index.php\/evenementiel\/spectacles-enfants\/","title":{"rendered":"Spectacles enfants"},"content":{"rendered":"\n<div style=\"height:100px\" aria-hidden=\"true\" class=\"wp-block-spacer\"><\/div>\n\n\n\n<div class=\"wp-block-uagb-container uagb-block-859f9a06 alignfull uagb-is-root-container\"><div class=\"uagb-container-inner-blocks-wrap\">\n<h1 class=\"wp-block-heading has-text-align-center has-ffffff-background-color has-background\">Spectacles enfants<\/h1>\n<\/div><\/div>\n\n\n\n<div style=\"height:50px\" aria-hidden=\"true\" class=\"wp-block-spacer\"><\/div>\n\n\n\n<div class=\"wp-block-uagb-container uagb-block-ee7e2783 alignfull uagb-is-root-container\"><div class=\"uagb-container-inner-blocks-wrap\">\n<div class=\"wp-block-uagb-container uagb-block-70029a16\">\n<h2 class=\"wp-block-heading\">NOS SPECTACLES<\/h2>\n\n\n\n<p>Vous souhaitez organiser un \u00e9v\u00e9nement, et vous cherchez un spectacle qui fera r\u00eaver petits et grands ?<\/p>\n\n\n\n<p>Avec des histoires originales, hautes en couleur, en r\u00eaves et souvent riches en humour, vous vous assurez un vrai<br>moment de magie. Int\u00e9grez le th\u00e9\u00e2tre dans vos \u00e9v\u00e9nements permet de rassembler, et profiter d&rsquo;un moment de<br>partage fort.<\/p>\n\n\n\n<p>Nos spectacles pour jeune public se d\u00e9placent dans tout l&rsquo;hexagone, pour le plus grand bonheur des enfants, et<br>leurs parents !<\/p>\n<\/div>\n<\/div><\/div>\n\n\n\n<div style=\"height:100px\" aria-hidden=\"true\" class=\"wp-block-spacer\"><\/div>\n\n\n\n<div class=\"wp-block-uagb-container uagb-block-0b67208a alignfull uagb-is-root-container\"><div class=\"uagb-container-inner-blocks-wrap\">\n<div class=\"wp-block-uagb-container uagb-block-09032c40\">\n<figure class=\"wp-block-table is-style-regular ticss-eb77cd22\"><table class=\"has-border-color has-fixed-layout\" style=\"border-color:#ffffff00;border-width:31px\"><tbody><tr><td class=\"has-text-align-left\" data-align=\"left\"><h3 text-align=\"center\">Pestos, pirate des campagnes<\/h3><\/td><td class=\"has-text-align-left\" data-align=\"left\"><h3>Sapristi, le p\u00e8re no\u00ebl est malade<\/h3><\/td><td class=\"has-text-align-left\" data-align=\"left\"><h3>Sorci\u00e8re, pirate et crocodile<\/h3><\/td><\/tr><tr><td class=\"has-text-align-left\" data-align=\"left\"><img loading=\"lazy\" decoding=\"async\" srcset=\"https:\/\/scenedejeu.com\/wp-content\/uploads\/2023\/05\/PESTOS-1-769x1024.jpg \" src=\"https:\/\/scenedejeu.com\/wp-content\/uploads\/2023\/05\/PESTOS-1-769x1024.jpg\" alt=\"\" width=\"769\" height=\"1024\"><\/td><td class=\"has-text-align-left\" data-align=\"left\"><img loading=\"lazy\" decoding=\"async\" srcset=\"https:\/\/scenedejeu.com\/wp-content\/uploads\/2023\/05\/SAPRISTI-1-771x1024.jpg \" src=\"https:\/\/scenedejeu.com\/wp-content\/uploads\/2023\/05\/SAPRISTI-1-771x1024.jpg\" alt=\"\" width=\"771\" height=\"1024\"><\/td><td class=\"has-text-align-left\" data-align=\"left\"><img loading=\"lazy\" decoding=\"async\" srcset=\"https:\/\/scenedejeu.com\/wp-content\/uploads\/2023\/05\/SORCIERE-1-768x1024.jpg \" src=\"https:\/\/scenedejeu.com\/wp-content\/uploads\/2023\/05\/SORCIERE-1-768x1024.jpg\" alt=\"\" width=\"768\" height=\"1024\"><\/td><\/tr><tr><td class=\"has-text-align-left\" data-align=\"left\">Coxinette a perdu le parchemin o\u00f9 est inscrite la formule d\u2019un nouvel engrais sans danger et Pestos, le roi des pesticides, s\u2019en est empar\u00e9. Suivez Miss Ecolo et son acolyte Coxinette dans une aventure \u00e9co-rigolote, \u00e0 la rescousse des insectes et de la nature. Parviendront-elles \u00e0 attraper Pestos \u00e0 temps ?<\/td><td class=\"has-text-align-left\" data-align=\"left\">Le P\u00e8re No\u00ebl est malade un 24 d\u00e9cembre ! Catastrophe pour Malin Le Lutin, qui doit assurer la livraison des cadeaux, avec l&rsquo;aide de la M\u00e8re No\u00ebl et de tous leurs amis. Mais attention au m\u00e9chant Maltazar, qui fera tout pour s&#8217;emparer du traineau magique, et emp\u00eacher la livraison des cadeaux\u2026<\/td><td class=\"has-text-align-left\" data-align=\"left\">La sorci\u00e8re Maladroite a besoin d&rsquo;un ingr\u00e9dient capital pour sa nouvelle formule magique\u2026 de la bave de crocodile ! Seul un pirate sans peurs peut l&rsquo;aider, le Capitaine Bourtouga. Venez voyager avec Maladroite et Bourtouga, \u00e0 la rencontre du hibou messager, du corbeau rigolo et du terriiiible crocodile !<\/td><\/tr><tr><td class=\"has-text-align-left\" data-align=\"left\"><strong>Dur\u00e9e<\/strong> : 50 min<br>A partir de 4 ans<br>Possibilit\u00e9 de jouer en ext\u00e9rieur<\/td><td class=\"has-text-align-left\" data-align=\"left\"><strong>Dur\u00e9e<\/strong> : 45 min<br>A partir de 4 ans<\/td><td class=\"has-text-align-left\" data-align=\"left\"><strong>Dur\u00e9e<\/strong> : 50 min<br>A partir de 4 ans<\/td><\/tr><tr><td class=\"has-text-align-left\" data-align=\"left\"><figure class=\"wp-block-embed is-type-video is-provider-youtube wp-block-embed-youtube wp-embed-aspect-16-9 wp-has-aspect-ratio\"><div class=\"wp-block-embed__wrapper\">\n<div class=\"ast-oembed-container\" style=\"height: 100%;\"><iframe loading=\"lazy\" title=\"Miss \u00c9colo contre Pestos (le roi des pesticides)\" width=\"500\" height=\"281\" src=\"https:\/\/www.youtube.com\/embed\/fthm3_Bd3FA?feature=oembed\" frameborder=\"0\" allow=\"accelerometer; autoplay; clipboard-write; encrypted-media; gyroscope; picture-in-picture; web-share\" referrerpolicy=\"strict-origin-when-cross-origin\" allowfullscreen><\/iframe><\/div>\n<\/div><\/figure><\/td><td class=\"has-text-align-left\" data-align=\"left\"><figure class=\"wp-block-embed is-type-video is-provider-youtube wp-block-embed-youtube wp-embed-aspect-16-9 wp-has-aspect-ratio\"><div class=\"wp-block-embed__wrapper\">\n<div class=\"ast-oembed-container\" style=\"height: 100%;\"><iframe loading=\"lazy\" title=\"Sapristi le pe\u0300re no\u00ebl est malade !\" width=\"500\" height=\"281\" src=\"https:\/\/www.youtube.com\/embed\/s4iQZYf1wIk?feature=oembed\" frameborder=\"0\" allow=\"accelerometer; autoplay; clipboard-write; encrypted-media; gyroscope; picture-in-picture; web-share\" referrerpolicy=\"strict-origin-when-cross-origin\" allowfullscreen><\/iframe><\/div>\n<\/div><\/figure><\/td><td class=\"has-text-align-left\" data-align=\"left\"><figure class=\"wp-block-embed is-type-video is-provider-youtube wp-block-embed-youtube wp-embed-aspect-16-9 wp-has-aspect-ratio\"><div class=\"wp-block-embed__wrapper\">\n<div class=\"ast-oembed-container\" style=\"height: 100%;\"><iframe loading=\"lazy\" title=\"Sorci\u00e8re pirate et crocodile\" width=\"500\" height=\"281\" src=\"https:\/\/www.youtube.com\/embed\/TFV4uIITdiE?feature=oembed\" frameborder=\"0\" allow=\"accelerometer; autoplay; clipboard-write; encrypted-media; gyroscope; picture-in-picture; web-share\" referrerpolicy=\"strict-origin-when-cross-origin\" allowfullscreen><\/iframe><\/div>\n<\/div><\/figure><\/td><\/tr><tr><td class=\"has-text-align-left\" data-align=\"left\"><\/td><td class=\"has-text-align-left\" data-align=\"left\"><\/td><td class=\"has-text-align-left\" data-align=\"left\"><\/td><\/tr><\/tbody><\/table><\/figure>\n<\/div>\n\n\n\n<figure class=\"wp-block-table is-style-regular ticss-eb77cd22\"><table class=\"has-border-color has-fixed-layout\" style=\"border-color:#ffffff00;border-width:31px\"><tbody><tr><td class=\"has-text-align-left\" data-align=\"left\"><h3 text-align=\"center\">Le petit prince<\/h3><\/td><td class=\"has-text-align-left\" data-align=\"left\"><h3>Blanche-neige voit rouge<\/h3><\/td><\/tr><tr><td class=\"has-text-align-left\" data-align=\"left\"><img loading=\"lazy\" decoding=\"async\" srcset=\"https:\/\/scenedejeu.com\/wp-content\/uploads\/2023\/05\/PRINCE-1.jpeg \" src=\"https:\/\/scenedejeu.com\/wp-content\/uploads\/2023\/05\/PRINCE-1.jpeg\" alt=\"\" width=\"769\" height=\"1024\"><\/td><td class=\"has-text-align-left\" data-align=\"left\"><img loading=\"lazy\" decoding=\"async\" srcset=\"https:\/\/scenedejeu.com\/wp-content\/uploads\/2023\/05\/BLANCHE-1.jpg \" src=\"https:\/\/scenedejeu.com\/wp-content\/uploads\/2023\/05\/BLANCHE-1.jpg\" alt=\"\" width=\"771\" height=\"1024\"><\/td><\/tr><tr><td class=\"has-text-align-left\" data-align=\"left\">Plongez dans l&rsquo;univers unique du Petit Prince de Saint-Exup\u00e9ry, \u00e0 la d\u00e9couverte des plan\u00e8tes myst\u00e9rieuses qui peuplent le ciel&#8230;\nUn conte familial, o\u00f9 petits et grands laissent parler leur \u00e2me d&rsquo;enfant.<\/td><td class=\"has-text-align-left\" data-align=\"left\">Deux conteuses plus maladroites l&rsquo;une que l&rsquo;autre transforment un simple conte en une joyeuse catastrophe ! Un spectacle d\u00e9tonnant o\u00f9 les personnages d\u00e9raillent, pour notre plus grand plaisir.<\/td><\/tr><tr><td class=\"has-text-align-left\" data-align=\"left\"><strong>Dur\u00e9e<\/strong> : 60 min<br>A partir de 6 ans<\/td><td class=\"has-text-align-left\" data-align=\"left\"><strong>Dur\u00e9e<\/strong> : 60 min<br>A partir de 5 ans<\/td><\/tr><tr><td class=\"has-text-align-left\" data-align=\"left\"><figure class=\"wp-block-embed is-type-video is-provider-youtube wp-block-embed-youtube wp-embed-aspect-16-9 wp-has-aspect-ratio\"><div class=\"wp-block-embed__wrapper\">\n<div class=\"ast-oembed-container\" style=\"height: 100%;\"><iframe loading=\"lazy\" title=\"Le Petit Prince - Le Spectacle - Bande d&#039;annonce 2022 \u00a9La Compagnie Les R\u00eaverb\u00e8res\" width=\"500\" height=\"281\" src=\"https:\/\/www.youtube.com\/embed\/EGbmeEJIsmE?feature=oembed\" frameborder=\"0\" allow=\"accelerometer; autoplay; clipboard-write; encrypted-media; gyroscope; picture-in-picture; web-share\" referrerpolicy=\"strict-origin-when-cross-origin\" allowfullscreen><\/iframe><\/div>\n<\/div><\/figure><\/td><td class=\"has-text-align-left\" data-align=\"left\"><figure class=\"wp-block-embed is-type-video is-provider-youtube wp-block-embed-youtube wp-embed-aspect-16-9 wp-has-aspect-ratio\"><div class=\"wp-block-embed__wrapper\">\n<div class=\"ast-oembed-container\" style=\"height: 100%;\"><iframe loading=\"lazy\" title=\"Blanche Neige Voit Rouge - Bande d&#039;annonce 2019 \u00a9La Compagnie Les R\u00eaverb\u00e8res\" width=\"500\" height=\"281\" src=\"https:\/\/www.youtube.com\/embed\/d82QgdlkVXk?feature=oembed\" frameborder=\"0\" allow=\"accelerometer; autoplay; clipboard-write; encrypted-media; gyroscope; picture-in-picture; web-share\" referrerpolicy=\"strict-origin-when-cross-origin\" allowfullscreen><\/iframe><\/div>\n<\/div><\/figure><\/td><\/tr><tr><td class=\"has-text-align-left\" data-align=\"left\"><\/td><td class=\"has-text-align-left\" data-align=\"left\"><\/td><\/tr><\/tbody><\/table><\/figure>\n<\/div><\/div>\n\n\n\n<div style=\"height:50px\" aria-hidden=\"true\" class=\"wp-block-spacer\"><\/div>\n\n\n\n<div class=\"wp-block-buttons is-horizontal is-content-justification-center is-layout-flex wp-container-core-buttons-is-layout-03627597 wp-block-buttons-is-layout-flex\">\n<div class=\"wp-block-button has-custom-width wp-block-button__width-50 has-custom-font-size has-medium-font-size\"><a class=\"wp-block-button__link wp-element-button\" href=\"https:\/\/scenedejeu.com\/index.php\/contact\/#devis\" style=\"padding-top:var(--wp--preset--spacing--40);padding-right:var(--wp--preset--spacing--40);padding-bottom:var(--wp--preset--spacing--40);padding-left:var(--wp--preset--spacing--40)\"><strong>Demander un devis<\/strong><\/a><\/div>\n<\/div>\n","protected":false},"excerpt":{"rendered":"","protected":false},"author":1,"featured_media":0,"parent":29,"menu_order":1,"comment_status":"closed","ping_status":"closed","template":"","meta":{"_uag_custom_page_level_css":"","site-sidebar-layout":"default","site-content-layout":"default","ast-global-header-display":"","ast-main-header-display":"","ast-hfb-above-header-display":"","ast-hfb-below-header-display":"","ast-hfb-mobile-header-display":"","site-post-title":"disabled","ast-breadcrumbs-content":"","ast-featured-img":"","footer-sml-layout":"","theme-transparent-header-meta":"","adv-header-id-meta":"","stick-header-meta":"","header-above-stick-meta":"","header-main-stick-meta":"","header-below-stick-meta":"","_themeisle_gutenberg_block_has_review":false,"footnotes":""},"class_list":["post-67","page","type-page","status-publish","hentry"],"uagb_featured_image_src":{"full":false,"thumbnail":false,"medium":false,"medium_large":false,"large":false,"1536x1536":false,"2048x2048":false},"uagb_author_info":{"display_name":"admin8994","author_link":"https:\/\/scenedejeu.com\/index.php\/author\/admin8994\/"},"uagb_comment_info":0,"uagb_excerpt":null,"_links":{"self":[{"href":"https:\/\/scenedejeu.com\/index.php\/wp-json\/wp\/v2\/pages\/67","targetHints":{"allow":["GET"]}}],"collection":[{"href":"https:\/\/scenedejeu.com\/index.php\/wp-json\/wp\/v2\/pages"}],"about":[{"href":"https:\/\/scenedejeu.com\/index.php\/wp-json\/wp\/v2\/types\/page"}],"author":[{"embeddable":true,"href":"https:\/\/scenedejeu.com\/index.php\/wp-json\/wp\/v2\/users\/1"}],"replies":[{"embeddable":true,"href":"https:\/\/scenedejeu.com\/index.php\/wp-json\/wp\/v2\/comments?post=67"}],"version-history":[{"count":24,"href":"https:\/\/scenedejeu.com\/index.php\/wp-json\/wp\/v2\/pages\/67\/revisions"}],"predecessor-version":[{"id":3063,"href":"https:\/\/scenedejeu.com\/index.php\/wp-json\/wp\/v2\/pages\/67\/revisions\/3063"}],"up":[{"embeddable":true,"href":"https:\/\/scenedejeu.com\/index.php\/wp-json\/wp\/v2\/pages\/29"}],"wp:attachment":[{"href":"https:\/\/scenedejeu.com\/index.php\/wp-json\/wp\/v2\/media?parent=67"}],"curies":[{"name":"wp","href":"https:\/\/api.w.org\/{rel}","templated":true}]}}