{"id":73,"date":"2022-12-26T20:20:28","date_gmt":"2022-12-26T19:20:28","guid":{"rendered":"http:\/\/svkvmkc.cluster031.hosting.ovh.net\/?page_id=73"},"modified":"2023-03-06T23:59:46","modified_gmt":"2023-03-06T22:59:46","slug":"enquete-de-culture","status":"publish","type":"page","link":"https:\/\/scenedejeu.com\/index.php\/jeux-denquete\/enquete-de-culture\/","title":{"rendered":"Enqu\u00eate de culture"},"content":{"rendered":"\n<div style=\"height:100px\" aria-hidden=\"true\" class=\"wp-block-spacer\"><\/div>\n\n\n\n<div class=\"wp-block-uagb-container uagb-block-93273722 alignfull uagb-is-root-container\"><div class=\"uagb-container-inner-blocks-wrap\">\n<h1 class=\"has-text-align-center has-ffffff-background-color has-background wp-block-heading\">Enqu\u00eate de culture<\/h1>\n<\/div><\/div>\n\n\n\n<div style=\"height:50px\" aria-hidden=\"true\" class=\"wp-block-spacer\"><\/div>\n\n\n\n<div class=\"wp-block-uagb-advanced-heading uagb-block-9d2822ed\"><div class=\"uagb-heading-text\"><em><em><em><em>Un nouveau myst\u00e8re se pr\u00e9pare chez Sc\u00e8ne de jeu !<\/em><\/em><\/em><\/em><\/div><\/div>\n\n\n\n<div class=\"wp-block-uagb-container uagb-block-962f7a2c alignfull uagb-is-root-container\"><div class=\"uagb-container-inner-blocks-wrap\">\n<div class=\"wp-block-uagb-container uagb-block-dc51b510\">\n<h2 class=\"wp-block-heading\">L&rsquo;Histoire<\/h2>\n\n\n\n<p>&#8230; vous sera d\u00e9voil\u00e9e prochainement, un peu de patience !<\/p>\n\n\n\n<h2 class=\"wp-block-heading\">L&rsquo;\u00e9quipe<\/h2>\n\n\n\n<p><strong>Casting : <\/strong>Benjamin Isel et Hadrien Berthaut<\/p>\n\n\n\n<p><strong>Auteurs : <\/strong>Benjamin Isel et Hadrien Berthaut<\/p>\n<\/div>\n\n\n\n<div class=\"wp-block-uagb-container uagb-block-95e1747b\">\n<figure class=\"wp-block-image size-large is-resized\"><img loading=\"lazy\" decoding=\"async\" src=\"https:\/\/scenedejeu.com\/wp-content\/uploads\/2023\/03\/CULTURE-2-636x1024.jpg\" alt=\"\" class=\"wp-image-2964\" width=\"405\" height=\"652\" srcset=\"https:\/\/scenedejeu.com\/wp-content\/uploads\/2023\/03\/CULTURE-2-636x1024.jpg 636w, https:\/\/scenedejeu.com\/wp-content\/uploads\/2023\/03\/CULTURE-2-186x300.jpg 186w, https:\/\/scenedejeu.com\/wp-content\/uploads\/2023\/03\/CULTURE-2-768x1237.jpg 768w, https:\/\/scenedejeu.com\/wp-content\/uploads\/2023\/03\/CULTURE-2-954x1536.jpg 954w, https:\/\/scenedejeu.com\/wp-content\/uploads\/2023\/03\/CULTURE-2-1272x2048.jpg 1272w, https:\/\/scenedejeu.com\/wp-content\/uploads\/2023\/03\/CULTURE-2-scaled.jpg 1590w\" sizes=\"auto, (max-width: 405px) 100vw, 405px\" \/><\/figure>\n<\/div>\n<\/div><\/div>\n\n\n\n<div class=\"wp-block-uagb-container uagb-block-abee294a alignfull uagb-is-root-container\"><div class=\"uagb-container-inner-blocks-wrap\">\n<div class=\"wp-block-uagb-container uagb-block-44d1b91d\">\n<h2 class=\"wp-block-heading\">POURQUOI CHOISIR CET ATELIER ?<\/h2>\n\n\n\n<p>On vous le dira bient\u00f4t ! <\/p>\n<\/div>\n\n\n\n<div class=\"wp-block-uagb-container uagb-block-fc540963\">\n<h2 class=\"wp-block-heading\">Infos pratiques<\/h2>\n\n\n\n<ul class=\"wp-block-list\">\n<li><strong>Dur\u00e9e <\/strong>: <\/li>\n\n\n\n<li><strong>\u00c2ge minimum <\/strong>: <\/li>\n\n\n\n<li><strong>Genre <\/strong>: <\/li>\n\n\n\n<li><strong>Nombre de joueurs<\/strong> : <\/li>\n\n\n\n<li><strong>Lieu <\/strong>: <\/li>\n<\/ul>\n<\/div>\n<\/div><\/div>\n\n\n\n<div class=\"wp-block-uagb-container uagb-block-d2301e6e alignfull uagb-is-root-container\"><div class=\"uagb-container-inner-blocks-wrap\">\n<div style=\"height:50px\" aria-hidden=\"true\" class=\"wp-block-spacer\"><\/div>\n\n\n\n<div id=\"wp-block-themeisle-blocks-slider-5226a16d\" class=\"wp-block-themeisle-blocks-slider glide\" data-per-view=\"1\" data-gap=\"0\" data-peek=\"0\" data-autoplay=\"true\" data-height=\"400px\" data-hide-arrows=\"false\"><div class=\"glide__track\" data-glide-el=\"track\"><div class=\"glide__slides\"><div class=\"wp-block-themeisle-blocks-slider-item-wrapper glide__slide\" tabindex=\"0\"><figure><img decoding=\"async\" class=\"wp-block-themeisle-blocks-slider-item\" src=\"https:\/\/scenedejeu.com\/wp-content\/uploads\/2023\/03\/CULTURE-3-scaled.jpg\" alt=\"\" title=\"\" data-id=\"2965\"\/><\/figure><\/div><\/div><div class=\"glide__bullets\" data-glide-el=\"controls[nav]\"><button class=\"glide__bullet\" data-glide-dir=\"=0\"><\/button><\/div><\/div><\/div>\n<\/div><\/div>\n\n\n\n<div style=\"height:50px\" aria-hidden=\"true\" class=\"wp-block-spacer\"><\/div>\n\n\n\n<div class=\"wp-block-buttons is-horizontal is-content-justification-center is-layout-flex wp-container-core-buttons-is-layout-03627597 wp-block-buttons-is-layout-flex\">\n<div class=\"wp-block-button has-custom-width wp-block-button__width-50 has-custom-font-size has-medium-font-size\"><a class=\"wp-block-button__link wp-element-button\" href=\"https:\/\/scenedejeu.com\/index.php\/contact\/#devis\" style=\"padding-top:var(--wp--preset--spacing--40);padding-right:var(--wp--preset--spacing--40);padding-bottom:var(--wp--preset--spacing--40);padding-left:var(--wp--preset--spacing--40)\"><strong>Demander un devis<\/strong><\/a><\/div>\n<\/div>\n","protected":false},"excerpt":{"rendered":"","protected":false},"author":1,"featured_media":0,"parent":32,"menu_order":5,"comment_status":"closed","ping_status":"closed","template":"","meta":{"_uag_custom_page_level_css":"","site-sidebar-layout":"default","site-content-layout":"default","ast-global-header-display":"","ast-main-header-display":"","ast-hfb-above-header-display":"","ast-hfb-below-header-display":"","ast-hfb-mobile-header-display":"","site-post-title":"disabled","ast-breadcrumbs-content":"","ast-featured-img":"","footer-sml-layout":"","theme-transparent-header-meta":"","adv-header-id-meta":"","stick-header-meta":"","header-above-stick-meta":"","header-main-stick-meta":"","header-below-stick-meta":"","_themeisle_gutenberg_block_has_review":false,"footnotes":""},"class_list":["post-73","page","type-page","status-publish","hentry"],"uagb_featured_image_src":{"full":false,"thumbnail":false,"medium":false,"medium_large":false,"large":false,"1536x1536":false,"2048x2048":false},"uagb_author_info":{"display_name":"admin8994","author_link":"https:\/\/scenedejeu.com\/index.php\/author\/admin8994\/"},"uagb_comment_info":0,"uagb_excerpt":null,"_links":{"self":[{"href":"https:\/\/scenedejeu.com\/index.php\/wp-json\/wp\/v2\/pages\/73","targetHints":{"allow":["GET"]}}],"collection":[{"href":"https:\/\/scenedejeu.com\/index.php\/wp-json\/wp\/v2\/pages"}],"about":[{"href":"https:\/\/scenedejeu.com\/index.php\/wp-json\/wp\/v2\/types\/page"}],"author":[{"embeddable":true,"href":"https:\/\/scenedejeu.com\/index.php\/wp-json\/wp\/v2\/users\/1"}],"replies":[{"embeddable":true,"href":"https:\/\/scenedejeu.com\/index.php\/wp-json\/wp\/v2\/comments?post=73"}],"version-history":[{"count":3,"href":"https:\/\/scenedejeu.com\/index.php\/wp-json\/wp\/v2\/pages\/73\/revisions"}],"predecessor-version":[{"id":2966,"href":"https:\/\/scenedejeu.com\/index.php\/wp-json\/wp\/v2\/pages\/73\/revisions\/2966"}],"up":[{"embeddable":true,"href":"https:\/\/scenedejeu.com\/index.php\/wp-json\/wp\/v2\/pages\/32"}],"wp:attachment":[{"href":"https:\/\/scenedejeu.com\/index.php\/wp-json\/wp\/v2\/media?parent=73"}],"curies":[{"name":"wp","href":"https:\/\/api.w.org\/{rel}","templated":true}]}}