{"id":75,"date":"2022-12-26T20:20:41","date_gmt":"2022-12-26T19:20:41","guid":{"rendered":"http:\/\/svkvmkc.cluster031.hosting.ovh.net\/?page_id=75"},"modified":"2023-03-07T00:03:35","modified_gmt":"2023-03-06T23:03:35","slug":"jeux-sur-mesure","status":"publish","type":"page","link":"https:\/\/scenedejeu.com\/index.php\/jeux-denquete\/jeux-sur-mesure\/","title":{"rendered":"Jeux sur mesure"},"content":{"rendered":"\n<div style=\"height:100px\" aria-hidden=\"true\" class=\"wp-block-spacer\"><\/div>\n\n\n\n<div class=\"wp-block-uagb-container uagb-block-07c2dce7 alignfull uagb-is-root-container\"><div class=\"uagb-container-inner-blocks-wrap\">\n<h1 class=\"has-text-align-center has-ffffff-background-color has-background wp-block-heading\">Jeux sur mesure<\/h1>\n<\/div><\/div>\n\n\n\n<div style=\"height:50px\" aria-hidden=\"true\" class=\"wp-block-spacer\"><\/div>\n\n\n\n<div class=\"wp-block-uagb-advanced-heading uagb-block-e5f301fc\"><div class=\"uagb-heading-text\"><em><em><em><em><em>Vous avez une id\u00e9e ? Une envie ? Nous la rendons r\u00e9alit\u00e9 !<\/em><\/em><\/em><\/em><\/em><\/div><\/div>\n\n\n\n<div class=\"wp-block-uagb-container uagb-block-7aab7712 alignfull uagb-is-root-container\"><div class=\"uagb-container-inner-blocks-wrap\">\n<div class=\"wp-block-uagb-container uagb-block-42bf70dd\">\n<h2 class=\"wp-block-heading\">L&rsquo;Histoire<\/h2>\n\n\n\n<p>Et si vous imaginiez votre prochaine aventure ?<\/p>\n\n\n\n<p>Escape game dans la for\u00eat amazonienne, enqu\u00eate sur un plateau de tournage, disparition \u00e0 la machine \u00e0 caf\u00e9&#8230; Tout est possible.<\/p>\n\n\n\n<p>A partir d&rsquo;un lieu, d&rsquo;un sujet ou m\u00eame d&rsquo;une inspiration (film, livre&#8230;) de votre choix, nos auteurs \u00e9crivent un sc\u00e9nario de jeu de qualit\u00e9, adapt\u00e9 \u00e0 vos collaborateurs et vos besoins. Le tout saupoudr\u00e9 d&rsquo;une pointe de drame ou d&rsquo;humour ? C&rsquo;est vous qui d\u00e9cidez !<\/p>\n\n\n\n<p>Confiez-nous vos id\u00e9es, et laissez nos \u00e9quipes de com\u00e9diens professionnels vous concocter un myst\u00e8re&#8230; Sur mesure !<\/p>\n\n\n\n<h2 class=\"wp-block-heading\">L&rsquo;\u00e9quipe<\/h2>\n\n\n\n<p><strong><strong>Casting et auteurs <\/strong>: nos auteur.e.s et com\u00e9dien.ne.s se mettent \u00e0 votre service pour faire de vos id\u00e9es un jeu !<\/strong><\/p>\n<\/div>\n\n\n\n<div class=\"wp-block-uagb-container uagb-block-b6d3057a\">\n<figure class=\"wp-block-image size-large is-resized\"><img loading=\"lazy\" decoding=\"async\" src=\"https:\/\/scenedejeu.com\/wp-content\/uploads\/2023\/03\/MESURE-1-1024x683.jpg\" alt=\"\" class=\"wp-image-2967\" width=\"561\" height=\"374\" srcset=\"https:\/\/scenedejeu.com\/wp-content\/uploads\/2023\/03\/MESURE-1-1024x683.jpg 1024w, https:\/\/scenedejeu.com\/wp-content\/uploads\/2023\/03\/MESURE-1-300x200.jpg 300w, https:\/\/scenedejeu.com\/wp-content\/uploads\/2023\/03\/MESURE-1-768x512.jpg 768w, https:\/\/scenedejeu.com\/wp-content\/uploads\/2023\/03\/MESURE-1-1536x1024.jpg 1536w, https:\/\/scenedejeu.com\/wp-content\/uploads\/2023\/03\/MESURE-1-2048x1365.jpg 2048w\" sizes=\"auto, (max-width: 561px) 100vw, 561px\" \/><\/figure>\n<\/div>\n<\/div><\/div>\n\n\n\n<div class=\"wp-block-uagb-container uagb-block-78c0b19a alignfull uagb-is-root-container\"><div class=\"uagb-container-inner-blocks-wrap\">\n<div class=\"wp-block-uagb-container uagb-block-8e71f367\">\n<h2 class=\"wp-block-heading\">POURQUOI CHOISIR CET ATELIER ?<\/h2>\n\n\n\n<p>Difficile de trouver son bonheur quand on a une id\u00e9e bien pr\u00e9cise de ce que l&rsquo;on cherche. Avec nos jeux sur mesure, c&rsquo;est ce que nous vous proposons : cr\u00e9er votre bonheur.<\/p>\n\n\n\n<p>Nous nous chargeons de tout : sc\u00e9nario, logistique, organisation, tout pour rendre vos id\u00e9es r\u00e9alit\u00e9.<\/p>\n<\/div>\n\n\n\n<div class=\"wp-block-uagb-container uagb-block-9ee34630\">\n<h2 class=\"wp-block-heading\">Infos pratiques<\/h2>\n\n\n\n<ul class=\"wp-block-list\">\n<li><strong>Dur\u00e9e, \u00c2ge minimum, Genre, Nombre de joueurs, Lieu <\/strong>: c&rsquo;est vous qui d\u00e9cidez !<\/li>\n<\/ul>\n<\/div>\n<\/div><\/div>\n\n\n\n<div class=\"wp-block-uagb-container uagb-block-ec804dee alignfull uagb-is-root-container\"><div class=\"uagb-container-inner-blocks-wrap\">\n<div style=\"height:50px\" aria-hidden=\"true\" class=\"wp-block-spacer\"><\/div>\n\n\n\n<div id=\"wp-block-themeisle-blocks-slider-5226a16d\" class=\"wp-block-themeisle-blocks-slider glide\" data-per-view=\"1\" data-gap=\"0\" data-peek=\"0\" data-autoplay=\"true\" data-height=\"400px\" data-hide-arrows=\"false\"><div class=\"glide__track\" data-glide-el=\"track\"><div class=\"glide__slides\"><div class=\"wp-block-themeisle-blocks-slider-item-wrapper glide__slide\" tabindex=\"0\"><figure><img decoding=\"async\" class=\"wp-block-themeisle-blocks-slider-item\" src=\"https:\/\/scenedejeu.com\/wp-content\/uploads\/2023\/03\/MESURE-3-scaled.jpg\" alt=\"\" title=\"\" data-id=\"2969\"\/><\/figure><\/div><div class=\"wp-block-themeisle-blocks-slider-item-wrapper glide__slide\" tabindex=\"0\"><figure><img decoding=\"async\" class=\"wp-block-themeisle-blocks-slider-item\" src=\"https:\/\/scenedejeu.com\/wp-content\/uploads\/2023\/03\/MESURE-2.jpg\" alt=\"\" title=\"\" data-id=\"2968\"\/><\/figure><\/div><\/div><div class=\"glide__bullets\" data-glide-el=\"controls[nav]\"><button class=\"glide__bullet\" data-glide-dir=\"=0\"><\/button><button class=\"glide__bullet\" data-glide-dir=\"=1\"><\/button><\/div><\/div><\/div>\n<\/div><\/div>\n\n\n\n<div style=\"height:50px\" aria-hidden=\"true\" class=\"wp-block-spacer\"><\/div>\n\n\n\n<div class=\"wp-block-buttons is-horizontal is-content-justification-center is-layout-flex wp-container-core-buttons-is-layout-03627597 wp-block-buttons-is-layout-flex\">\n<div class=\"wp-block-button has-custom-width wp-block-button__width-50 has-custom-font-size has-medium-font-size\"><a class=\"wp-block-button__link wp-element-button\" href=\"https:\/\/scenedejeu.com\/index.php\/contact\/#devis\" style=\"padding-top:var(--wp--preset--spacing--40);padding-right:var(--wp--preset--spacing--40);padding-bottom:var(--wp--preset--spacing--40);padding-left:var(--wp--preset--spacing--40)\"><strong>Demander un devis<\/strong><\/a><\/div>\n<\/div>\n","protected":false},"excerpt":{"rendered":"","protected":false},"author":1,"featured_media":0,"parent":32,"menu_order":6,"comment_status":"closed","ping_status":"closed","template":"","meta":{"_uag_custom_page_level_css":"","site-sidebar-layout":"default","site-content-layout":"default","ast-global-header-display":"","ast-main-header-display":"","ast-hfb-above-header-display":"","ast-hfb-below-header-display":"","ast-hfb-mobile-header-display":"","site-post-title":"disabled","ast-breadcrumbs-content":"","ast-featured-img":"","footer-sml-layout":"","theme-transparent-header-meta":"","adv-header-id-meta":"","stick-header-meta":"","header-above-stick-meta":"","header-main-stick-meta":"","header-below-stick-meta":"","_themeisle_gutenberg_block_has_review":false,"footnotes":""},"class_list":["post-75","page","type-page","status-publish","hentry"],"uagb_featured_image_src":{"full":false,"thumbnail":false,"medium":false,"medium_large":false,"large":false,"1536x1536":false,"2048x2048":false},"uagb_author_info":{"display_name":"admin8994","author_link":"https:\/\/scenedejeu.com\/index.php\/author\/admin8994\/"},"uagb_comment_info":0,"uagb_excerpt":null,"_links":{"self":[{"href":"https:\/\/scenedejeu.com\/index.php\/wp-json\/wp\/v2\/pages\/75","targetHints":{"allow":["GET"]}}],"collection":[{"href":"https:\/\/scenedejeu.com\/index.php\/wp-json\/wp\/v2\/pages"}],"about":[{"href":"https:\/\/scenedejeu.com\/index.php\/wp-json\/wp\/v2\/types\/page"}],"author":[{"embeddable":true,"href":"https:\/\/scenedejeu.com\/index.php\/wp-json\/wp\/v2\/users\/1"}],"replies":[{"embeddable":true,"href":"https:\/\/scenedejeu.com\/index.php\/wp-json\/wp\/v2\/comments?post=75"}],"version-history":[{"count":4,"href":"https:\/\/scenedejeu.com\/index.php\/wp-json\/wp\/v2\/pages\/75\/revisions"}],"predecessor-version":[{"id":2972,"href":"https:\/\/scenedejeu.com\/index.php\/wp-json\/wp\/v2\/pages\/75\/revisions\/2972"}],"up":[{"embeddable":true,"href":"https:\/\/scenedejeu.com\/index.php\/wp-json\/wp\/v2\/pages\/32"}],"wp:attachment":[{"href":"https:\/\/scenedejeu.com\/index.php\/wp-json\/wp\/v2\/media?parent=75"}],"curies":[{"name":"wp","href":"https:\/\/api.w.org\/{rel}","templated":true}]}}