{"id":79,"date":"2022-12-26T20:21:23","date_gmt":"2022-12-26T19:21:23","guid":{"rendered":"http:\/\/svkvmkc.cluster031.hosting.ovh.net\/?page_id=79"},"modified":"2023-03-06T22:45:38","modified_gmt":"2023-03-06T21:45:38","slug":"stages-de-theatre-a-avignon","status":"publish","type":"page","link":"https:\/\/scenedejeu.com\/index.php\/ateliers-et-stages-theatre\/stages-de-theatre-a-avignon\/","title":{"rendered":"Stages de th\u00e9\u00e2tre \u00e0 Avignon"},"content":{"rendered":"\n<div style=\"height:100px\" aria-hidden=\"true\" class=\"wp-block-spacer\"><\/div>\n\n\n\n<div class=\"wp-block-uagb-container uagb-block-e4edfa45 alignfull uagb-is-root-container\"><div class=\"uagb-container-inner-blocks-wrap\">\n<h1 class=\"has-text-align-center has-ffffff-background-color has-background wp-block-heading\">Stages de th\u00e9\u00e2tre \u00e0 Avignon<\/h1>\n<\/div><\/div>\n\n\n\n<div style=\"height:50px\" aria-hidden=\"true\" class=\"wp-block-spacer\"><\/div>\n\n\n\n<div class=\"wp-block-uagb-container uagb-block-28cc7459 alignfull uagb-is-root-container\"><div class=\"uagb-container-inner-blocks-wrap\">\n<div class=\"wp-block-uagb-container uagb-block-930c12f1\">\n<h2 class=\"wp-block-heading\">L&rsquo;ATELIER<\/h2>\n\n\n\n<p><strong>Bienvenue au Th\u00e9\u00e2tre des Brunes !<\/strong><\/p>\n\n\n\n<p>Profitez d&rsquo;une semaine de cours de th\u00e9\u00e2tre avec des com\u00e9diens professionnels, pour d\u00e9velopper votre confiance en vous, mais \u00e9galement vous amuser et jouer sur la sc\u00e8ne d&rsquo;un vrai th\u00e9\u00e2tre ! A travers des exercices de diction et d&rsquo;interpr\u00e9tation de textes, vous d\u00e9couvrirez ou approfondirez la pratique th\u00e9\u00e2trale, dans des conditions optimales.<\/p>\n<\/div>\n\n\n\n<div class=\"wp-block-uagb-container uagb-block-8e63faa4\">\n<ul class=\"has-black-background-color has-background wp-block-list\">\n<li>ados<\/li>\n\n\n\n<li>adultes<\/li>\n\n\n\n<li>th\u00e9\u00e2tre<\/li>\n\n\n\n<li>textes<\/li>\n\n\n\n<li>exercices<\/li>\n\n\n\n<li>jeu<\/li>\n\n\n\n<li>spectacle<\/li>\n\n\n\n<li>cours<\/li>\n<\/ul>\n<\/div>\n<\/div><\/div>\n\n\n\t\t\t\t\t<div\n\t\t\t\t\t\tclass=\"wp-block-uagb-image-gallery uagb-block-28bbf603     \"\n\t\t\t\t\t\tstyle=\"\"\n\t\t\t\t\t>\n\t\t\t\t\t\t\t\t\t\t\t<div class=\"spectra-image-gallery spectra-image-gallery__layout--masonry spectra-image-gallery__layout--masonry-col-2 spectra-image-gallery__layout--masonry-col-tab-2 spectra-image-gallery__layout--masonry-col-mob-2\">\n\t\t\t\t\t\t\t\t\t\t\t<div class='spectra-image-gallery__media-wrapper--isotope'>\n\t\t\t\t\t\t\t<div class='spectra-image-gallery__media-wrapper' data-spectra-gallery-image-id='2737'>\n\t\t\t\t\t\t\t<div class=\"spectra-image-gallery__media spectra-image-gallery__media--masonry\">\n\t\t\t\t<picture>\n\t\t\t\t\t<source media=\"(min-width: 1024px)\" srcset=\"https:\/\/scenedejeu.com\/wp-content\/uploads\/2023\/03\/AVIGNON-4-768x1024.jpg\">\n\t\t\t\t\t<source media=\"(min-width: 768px)\" srcset=\"https:\/\/scenedejeu.com\/wp-content\/uploads\/2023\/03\/AVIGNON-4-768x1024.jpg\">\n\t\t\t\t\t<img decoding=\"async\" class=\"spectra-image-gallery__media-thumbnail spectra-image-gallery__media-thumbnail--masonry\" src=\"https:\/\/scenedejeu.com\/wp-content\/uploads\/2023\/03\/AVIGNON-4-225x300.jpg\" alt=\"\" loading=\"lazy\" \/>\n\t\t\t\t<\/picture>\n\t\t\t\t<div class=\"spectra-image-gallery__media-thumbnail-blurrer\"><\/div>\n\t\t\t\t\t\t\t\t\t\t\t<div class=\"spectra-image-gallery__media-thumbnail-caption-wrapper spectra-image-gallery__media-thumbnail-caption-wrapper--overlay\"><\/div>\n\t\t\t\t\t\t\t\t<\/div>\n\t\t\t\t\t\t<\/div>\n\t\t\t\t\t\t<\/div>\n\t\t\t\t\t\t<div class='spectra-image-gallery__media-wrapper--isotope'>\n\t\t\t\t\t\t\t<div class='spectra-image-gallery__media-wrapper' data-spectra-gallery-image-id='2736'>\n\t\t\t\t\t\t\t<div class=\"spectra-image-gallery__media spectra-image-gallery__media--masonry\">\n\t\t\t\t<picture>\n\t\t\t\t\t<source media=\"(min-width: 1024px)\" srcset=\"https:\/\/scenedejeu.com\/wp-content\/uploads\/2023\/03\/AVIGNON-5-1024x683.jpg\">\n\t\t\t\t\t<source media=\"(min-width: 768px)\" srcset=\"https:\/\/scenedejeu.com\/wp-content\/uploads\/2023\/03\/AVIGNON-5-1024x683.jpg\">\n\t\t\t\t\t<img decoding=\"async\" class=\"spectra-image-gallery__media-thumbnail spectra-image-gallery__media-thumbnail--masonry\" src=\"https:\/\/scenedejeu.com\/wp-content\/uploads\/2023\/03\/AVIGNON-5-300x200.jpg\" alt=\"\" loading=\"lazy\" \/>\n\t\t\t\t<\/picture>\n\t\t\t\t<div class=\"spectra-image-gallery__media-thumbnail-blurrer\"><\/div>\n\t\t\t\t\t\t\t\t\t\t\t<div class=\"spectra-image-gallery__media-thumbnail-caption-wrapper spectra-image-gallery__media-thumbnail-caption-wrapper--overlay\"><\/div>\n\t\t\t\t\t\t\t\t<\/div>\n\t\t\t\t\t\t<\/div>\n\t\t\t\t\t\t<\/div>\n\t\t\t\t\t\t\t\t\t\t<\/div>\n\t\t\t\t\t\t\t\t\t\t\t\t\t\t\t\t\t\t<\/div>\n\t\t\t\t\t\t\t\t\t\n\n\n<div style=\"height:50px\" aria-hidden=\"true\" class=\"wp-block-spacer\"><\/div>\n\n\n\n<div class=\"wp-block-uagb-container uagb-block-9db6c33e alignfull uagb-is-root-container\"><div class=\"uagb-container-inner-blocks-wrap\">\n<div class=\"wp-block-uagb-container uagb-block-bca53bc3\">\n<h2 class=\"wp-block-heading\">POURQUOI CHOISIR CET ATELIER ?<\/h2>\n\n\n\n<p>A travers divers exercices de prononciation et de jeu, vous travaillerez votre expression corporelle, votre diction, mais aussi votre posture. La pratique du th\u00e9\u00e2tre est un jeu \u00e0 part enti\u00e8re, apprenez \u00e0 l\u00e2cher prise et \u00e0 vous exprimer librement dans des activit\u00e9s ludiques et adapt\u00e9es \u00e0 votre niveau.<\/p>\n\n\n\n<p>Un stage de th\u00e9\u00e2tre est une belle occasion de d\u00e9velopper toutes les comp\u00e9tences qui vous seront utiles au quotidien : confiance en soi, \u00e9loquence, expression et m\u00e9morisation.<\/p>\n<\/div>\n<\/div><\/div>\n\n\n\n<div class=\"wp-block-uagb-container uagb-block-94a3fe97 alignfull uagb-is-root-container\"><div class=\"uagb-container-inner-blocks-wrap\">\n<div class=\"wp-block-uagb-container uagb-block-e5b003d3\">\n<h2 class=\"wp-block-heading\">LES INTERVENANTS<\/h2>\n\n\n\n<p>Une \u00e9quipe de com\u00e9dien.ne.s professionnel.le.s pour vous accompagner.<\/p>\n<\/div>\n<\/div><\/div>\n\n\n\n<div class=\"wp-block-uagb-container uagb-block-3a873f01 alignfull uagb-is-root-container\"><div class=\"uagb-container-inner-blocks-wrap\">\n<div class=\"wp-block-carousel-slider-slider\"><div class=\"carousel-slider-outer carousel-slider-outer-image-carousel carousel-slider-outer-2807\" style=\"--carousel-slider-nav-color:#f1f1f1;--carousel-slider-active-nav-color:rgb(251,227,76);--carousel-slider-arrow-size:48px;--carousel-slider-bullet-size:30px\">\n<div id=\"&#039;id-2807\" class=\"carousel-slider carousel-slider-2807 arrows-visibility-hover dots-visibility-always arrows-outside dots-center dots-circle owl-carousel\" data-slide-type=\"image-carousel\" data-owl-settings='{\"nav\":true,\"dots\":true,\"slideBy\":1,\"stagePadding\":0,\"margin\":10,\"loop\":true,\"lazyLoad\":false,\"autoplay\":true,\"autoplayTimeout\":5000,\"autoplaySpeed\":500,\"autoplayHoverPause\":true,\"autoWidth\":false,\"responsive\":{\"300\":{\"items\":1},\"576\":{\"items\":2},\"768\":{\"items\":2},\"1024\":{\"items\":3},\"1280\":{\"items\":3},\"1536\":{\"items\":3}}}'>\n<div class=\"carousel-slider__item\">\n\t<a class=\"magnific-popup\" href=\"https:\/\/scenedejeu.com\/wp-content\/uploads\/2023\/02\/BerthautHadrien2.jpg\" data-width=\"400\" data-height=\"600\"><img loading=\"lazy\" decoding=\"async\" width=\"400\" height=\"600\" src=\"https:\/\/scenedejeu.com\/wp-content\/uploads\/2023\/02\/BerthautHadrien2.jpg\" class=\"attachment-medium_large size-medium_large\" alt=\"\" srcset=\"https:\/\/scenedejeu.com\/wp-content\/uploads\/2023\/02\/BerthautHadrien2.jpg 400w, https:\/\/scenedejeu.com\/wp-content\/uploads\/2023\/02\/BerthautHadrien2-200x300.jpg 200w\" sizes=\"auto, (max-width: 400px) 100vw, 400px\" \/><div class=\"carousel-slider__caption\"><p class=\"caption\">Hadrien Berhaut<\/p><\/div><\/a><\/div>\n\n<div class=\"carousel-slider__item\">\n\t<a class=\"magnific-popup\" href=\"https:\/\/scenedejeu.com\/wp-content\/uploads\/2023\/02\/Benjamin-Isel.jpg\" data-width=\"684\" data-height=\"1000\"><img loading=\"lazy\" decoding=\"async\" width=\"684\" height=\"1000\" src=\"https:\/\/scenedejeu.com\/wp-content\/uploads\/2023\/02\/Benjamin-Isel.jpg\" class=\"attachment-medium_large size-medium_large\" alt=\"\" srcset=\"https:\/\/scenedejeu.com\/wp-content\/uploads\/2023\/02\/Benjamin-Isel.jpg 684w, https:\/\/scenedejeu.com\/wp-content\/uploads\/2023\/02\/Benjamin-Isel-205x300.jpg 205w\" sizes=\"auto, (max-width: 684px) 100vw, 684px\" \/><div class=\"carousel-slider__caption\"><p class=\"caption\">Benjamin Isel<\/p><\/div><\/a><\/div>\n\n<div class=\"carousel-slider__item\">\n\t<a class=\"magnific-popup\" href=\"https:\/\/scenedejeu.com\/wp-content\/uploads\/2023\/02\/marc_tourneboeuf-1.jpg\" data-width=\"1136\" data-height=\"1706\"><img loading=\"lazy\" decoding=\"async\" width=\"768\" height=\"1153\" src=\"https:\/\/scenedejeu.com\/wp-content\/uploads\/2023\/02\/marc_tourneboeuf-1-768x1153.jpg\" class=\"attachment-medium_large size-medium_large\" alt=\"\" srcset=\"https:\/\/scenedejeu.com\/wp-content\/uploads\/2023\/02\/marc_tourneboeuf-1-768x1153.jpg 768w, https:\/\/scenedejeu.com\/wp-content\/uploads\/2023\/02\/marc_tourneboeuf-1-200x300.jpg 200w, https:\/\/scenedejeu.com\/wp-content\/uploads\/2023\/02\/marc_tourneboeuf-1-682x1024.jpg 682w, https:\/\/scenedejeu.com\/wp-content\/uploads\/2023\/02\/marc_tourneboeuf-1-1023x1536.jpg 1023w, https:\/\/scenedejeu.com\/wp-content\/uploads\/2023\/02\/marc_tourneboeuf-1.jpg 1136w\" sizes=\"auto, (max-width: 768px) 100vw, 768px\" \/><div class=\"carousel-slider__caption\"><p class=\"caption\">Marc Tourneboeuf<\/p><\/div><\/a><\/div>\n\n<div class=\"carousel-slider__item\">\n\t<a class=\"magnific-popup\" href=\"https:\/\/scenedejeu.com\/wp-content\/uploads\/2023\/03\/theo-askolovitch.jpeg\" data-width=\"667\" data-height=\"1000\"><img loading=\"lazy\" decoding=\"async\" width=\"667\" height=\"1000\" src=\"https:\/\/scenedejeu.com\/wp-content\/uploads\/2023\/03\/theo-askolovitch.jpeg\" class=\"attachment-medium_large size-medium_large\" alt=\"\" srcset=\"https:\/\/scenedejeu.com\/wp-content\/uploads\/2023\/03\/theo-askolovitch.jpeg 667w, https:\/\/scenedejeu.com\/wp-content\/uploads\/2023\/03\/theo-askolovitch-200x300.jpeg 200w\" sizes=\"auto, (max-width: 667px) 100vw, 667px\" \/><div class=\"carousel-slider__caption\"><p class=\"caption\">Th\u00e9o Askolovitch<\/p><\/div><\/a><\/div>\n\n<div class=\"carousel-slider__item\">\n\t<a class=\"magnific-popup\" href=\"https:\/\/scenedejeu.com\/wp-content\/uploads\/2023\/03\/Alix-Andreani.jpg\" data-width=\"1365\" data-height=\"2048\"><img loading=\"lazy\" decoding=\"async\" width=\"768\" height=\"1152\" src=\"https:\/\/scenedejeu.com\/wp-content\/uploads\/2023\/03\/Alix-Andreani-768x1152.jpg\" class=\"attachment-medium_large size-medium_large\" alt=\"\" srcset=\"https:\/\/scenedejeu.com\/wp-content\/uploads\/2023\/03\/Alix-Andreani-768x1152.jpg 768w, https:\/\/scenedejeu.com\/wp-content\/uploads\/2023\/03\/Alix-Andreani-200x300.jpg 200w, https:\/\/scenedejeu.com\/wp-content\/uploads\/2023\/03\/Alix-Andreani-683x1024.jpg 683w, https:\/\/scenedejeu.com\/wp-content\/uploads\/2023\/03\/Alix-Andreani-1024x1536.jpg 1024w, https:\/\/scenedejeu.com\/wp-content\/uploads\/2023\/03\/Alix-Andreani.jpg 1365w\" sizes=\"auto, (max-width: 768px) 100vw, 768px\" \/><div class=\"carousel-slider__caption\"><p class=\"caption\">Alix Andreani<\/p><\/div><\/a><\/div>\n\n<div class=\"carousel-slider__item\">\n\t<a class=\"magnific-popup\" href=\"https:\/\/scenedejeu.com\/wp-content\/uploads\/2023\/03\/agnes-chamak.jpeg\" data-width=\"877\" data-height=\"1000\"><img loading=\"lazy\" decoding=\"async\" width=\"768\" height=\"876\" src=\"https:\/\/scenedejeu.com\/wp-content\/uploads\/2023\/03\/agnes-chamak-768x876.jpeg\" class=\"attachment-medium_large size-medium_large\" alt=\"\" srcset=\"https:\/\/scenedejeu.com\/wp-content\/uploads\/2023\/03\/agnes-chamak-768x876.jpeg 768w, https:\/\/scenedejeu.com\/wp-content\/uploads\/2023\/03\/agnes-chamak-263x300.jpeg 263w, https:\/\/scenedejeu.com\/wp-content\/uploads\/2023\/03\/agnes-chamak.jpeg 877w\" sizes=\"auto, (max-width: 768px) 100vw, 768px\" \/><div class=\"carousel-slider__caption\"><p class=\"caption\">Agnes Chamak<\/p><\/div><\/a><\/div>\n\n<div class=\"carousel-slider__item\">\n\t<a class=\"magnific-popup\" href=\"https:\/\/scenedejeu.com\/wp-content\/uploads\/2023\/03\/samuel.yagoubi.jpg\" data-width=\"600\" data-height=\"800\"><img loading=\"lazy\" decoding=\"async\" width=\"600\" height=\"800\" src=\"https:\/\/scenedejeu.com\/wp-content\/uploads\/2023\/03\/samuel.yagoubi.jpg\" class=\"attachment-medium_large size-medium_large\" alt=\"\" srcset=\"https:\/\/scenedejeu.com\/wp-content\/uploads\/2023\/03\/samuel.yagoubi.jpg 600w, https:\/\/scenedejeu.com\/wp-content\/uploads\/2023\/03\/samuel.yagoubi-225x300.jpg 225w\" sizes=\"auto, (max-width: 600px) 100vw, 600px\" \/><div class=\"carousel-slider__caption\"><p class=\"caption\">Samuel Yagoubi<\/p><\/div><\/a><\/div>\n\n<div class=\"carousel-slider__item\">\n\t<a class=\"magnific-popup\" href=\"https:\/\/scenedejeu.com\/wp-content\/uploads\/2023\/03\/ARTHUR-GOMEZ.jpeg\" data-width=\"1600\" data-height=\"1069\"><img loading=\"lazy\" decoding=\"async\" width=\"768\" height=\"513\" src=\"https:\/\/scenedejeu.com\/wp-content\/uploads\/2023\/03\/ARTHUR-GOMEZ-768x513.jpeg\" class=\"attachment-medium_large size-medium_large\" alt=\"\" srcset=\"https:\/\/scenedejeu.com\/wp-content\/uploads\/2023\/03\/ARTHUR-GOMEZ-768x513.jpeg 768w, https:\/\/scenedejeu.com\/wp-content\/uploads\/2023\/03\/ARTHUR-GOMEZ-300x200.jpeg 300w, https:\/\/scenedejeu.com\/wp-content\/uploads\/2023\/03\/ARTHUR-GOMEZ-1024x684.jpeg 1024w, https:\/\/scenedejeu.com\/wp-content\/uploads\/2023\/03\/ARTHUR-GOMEZ-1536x1026.jpeg 1536w, https:\/\/scenedejeu.com\/wp-content\/uploads\/2023\/03\/ARTHUR-GOMEZ.jpeg 1600w\" sizes=\"auto, (max-width: 768px) 100vw, 768px\" \/><div class=\"carousel-slider__caption\"><p class=\"caption\">Arthur Gomez<\/p><\/div><\/a><\/div>\n\n<div class=\"carousel-slider__item\">\n\t<a class=\"magnific-popup\" href=\"https:\/\/scenedejeu.com\/wp-content\/uploads\/2023\/03\/Tigran-portrait.jpeg\" data-width=\"1000\" data-height=\"1000\"><img loading=\"lazy\" decoding=\"async\" width=\"768\" height=\"768\" src=\"https:\/\/scenedejeu.com\/wp-content\/uploads\/2023\/03\/Tigran-portrait-768x768.jpeg\" class=\"attachment-medium_large size-medium_large\" alt=\"\" srcset=\"https:\/\/scenedejeu.com\/wp-content\/uploads\/2023\/03\/Tigran-portrait-768x768.jpeg 768w, https:\/\/scenedejeu.com\/wp-content\/uploads\/2023\/03\/Tigran-portrait-300x300.jpeg 300w, https:\/\/scenedejeu.com\/wp-content\/uploads\/2023\/03\/Tigran-portrait-150x150.jpeg 150w, https:\/\/scenedejeu.com\/wp-content\/uploads\/2023\/03\/Tigran-portrait.jpeg 1000w\" sizes=\"auto, (max-width: 768px) 100vw, 768px\" \/><div class=\"carousel-slider__caption\"><p class=\"caption\">Tigran Mekhitarian<\/p><\/div><\/a><\/div>\n\n<\/div><!-- .carousel-slider-2807 -->\n<\/div><!-- .carousel-slider-outer-2807 -->\n<\/div>\n<\/div><\/div>\n\n\n\n<div style=\"height:50px\" aria-hidden=\"true\" class=\"wp-block-spacer\"><\/div>\n\n\n\n<div class=\"wp-block-uagb-container uagb-block-594ac4fd alignfull uagb-is-root-container\"><div class=\"uagb-container-inner-blocks-wrap\">\n<h2 class=\"wp-block-heading\">INFORMATIONS PRATIQUES<\/h2>\n\n\n\n<ul class=\"wp-block-list\">\n<li><strong>Dur\u00e9e<\/strong>: 5 jours en semaine, 4h ou 8h par jour<\/li>\n\n\n\n<li><strong>Age minimum<\/strong>: groupe ado ou adulte<\/li>\n\n\n\n<li><strong>Nombre de participants<\/strong>: 15 personnes maximum<\/li>\n\n\n\n<li><strong>Lieu<\/strong>: <a href=\"https:\/\/www.theatredesbrunes.fr\/\" data-type=\"URL\" data-id=\"https:\/\/www.theatredesbrunes.fr\/\">Th\u00e9\u00e2tre des Brunes<\/a> (Avignon)<\/li>\n<\/ul>\n\n\n\n<div class=\"wp-block-uagb-container uagb-block-cb242639\">\n<div class=\"wp-block-buttons is-horizontal is-content-justification-center is-layout-flex wp-container-core-buttons-is-layout-03627597 wp-block-buttons-is-layout-flex\">\n<div class=\"wp-block-button has-custom-width wp-block-button__width-50 has-custom-font-size has-medium-font-size\"><a class=\"wp-block-button__link wp-element-button\" href=\"https:\/\/scenedejeu.com\/index.php\/contact\/#devis\" style=\"padding-top:var(--wp--preset--spacing--40);padding-right:var(--wp--preset--spacing--40);padding-bottom:var(--wp--preset--spacing--40);padding-left:var(--wp--preset--spacing--40)\"><strong>Demander un devis<\/strong><\/a><\/div>\n<\/div>\n<\/div>\n<\/div><\/div>\n","protected":false},"excerpt":{"rendered":"","protected":false},"author":1,"featured_media":0,"parent":27,"menu_order":6,"comment_status":"closed","ping_status":"closed","template":"","meta":{"_uag_custom_page_level_css":"","site-sidebar-layout":"default","site-content-layout":"default","ast-global-header-display":"","ast-main-header-display":"","ast-hfb-above-header-display":"","ast-hfb-below-header-display":"","ast-hfb-mobile-header-display":"","site-post-title":"disabled","ast-breadcrumbs-content":"","ast-featured-img":"","footer-sml-layout":"","theme-transparent-header-meta":"","adv-header-id-meta":"","stick-header-meta":"","header-above-stick-meta":"","header-main-stick-meta":"","header-below-stick-meta":"","_themeisle_gutenberg_block_has_review":false,"footnotes":""},"class_list":["post-79","page","type-page","status-publish","hentry"],"uagb_featured_image_src":{"full":false,"thumbnail":false,"medium":false,"medium_large":false,"large":false,"1536x1536":false,"2048x2048":false},"uagb_author_info":{"display_name":"admin8994","author_link":"https:\/\/scenedejeu.com\/index.php\/author\/admin8994\/"},"uagb_comment_info":0,"uagb_excerpt":null,"_links":{"self":[{"href":"https:\/\/scenedejeu.com\/index.php\/wp-json\/wp\/v2\/pages\/79","targetHints":{"allow":["GET"]}}],"collection":[{"href":"https:\/\/scenedejeu.com\/index.php\/wp-json\/wp\/v2\/pages"}],"about":[{"href":"https:\/\/scenedejeu.com\/index.php\/wp-json\/wp\/v2\/types\/page"}],"author":[{"embeddable":true,"href":"https:\/\/scenedejeu.com\/index.php\/wp-json\/wp\/v2\/users\/1"}],"replies":[{"embeddable":true,"href":"https:\/\/scenedejeu.com\/index.php\/wp-json\/wp\/v2\/comments?post=79"}],"version-history":[{"count":7,"href":"https:\/\/scenedejeu.com\/index.php\/wp-json\/wp\/v2\/pages\/79\/revisions"}],"predecessor-version":[{"id":2911,"href":"https:\/\/scenedejeu.com\/index.php\/wp-json\/wp\/v2\/pages\/79\/revisions\/2911"}],"up":[{"embeddable":true,"href":"https:\/\/scenedejeu.com\/index.php\/wp-json\/wp\/v2\/pages\/27"}],"wp:attachment":[{"href":"https:\/\/scenedejeu.com\/index.php\/wp-json\/wp\/v2\/media?parent=79"}],"curies":[{"name":"wp","href":"https:\/\/api.w.org\/{rel}","templated":true}]}}